{"id":9859,"date":"2024-11-15T04:52:45","date_gmt":"2024-11-15T04:52:45","guid":{"rendered":"http:\/\/luadecoracion.es\/?page_id=9859"},"modified":"2025-01-18T15:58:48","modified_gmt":"2025-01-18T15:58:48","slug":"politica-de-cookies","status":"publish","type":"page","link":"http:\/\/luadecoracion.es\/gl\/politica-de-cookies\/","title":{"rendered":"Pol\u00edtica de cookies"},"content":{"rendered":"<div data-elementor-type=\"wp-page\" data-elementor-id=\"9859\" class=\"elementor elementor-9859\">\n\t\t\t\t<div class=\"elementor-element elementor-element-1a45650 e-flex e-con-boxed e-con e-parent\" data-id=\"1a45650\" data-element_type=\"container\">\n\t\t\t\t\t<div class=\"e-con-inner\">\n\t\t\t\t<div class=\"elementor-element elementor-element-1fb1a4a elementor-widget elementor-widget-text-editor\" data-id=\"1fb1a4a\" data-element_type=\"widget\" data-widget_type=\"text-editor.default\">\n\t\t\t\t<div class=\"elementor-widget-container\">\n\t\t\t\t\t\t\t\t\t<h2>Pol\u00edtica de Cookies de luadecoracion.es<\/h2>\n\nEn cumplimiento con la Ley 34\/2002, de 11 de julio, de Servicios de la Sociedad de la Informaci\u00f3n y del Comercio Electr\u00f3nico, y el art\u00edculo 22 de la Ley de Cookies, esta <strong>Pol\u00edtica de Cookies<\/strong> tiene como objetivo informarle de manera clara sobre el uso de cookies en <strong>lua decoracion.es<\/strong>.\n\n<h2>\u00bfQu\u00e9 son las cookies?<\/h2>\n\nLas <strong>cookies<\/strong> son peque\u00f1os archivos que se descargan en su navegador cuando visita un sitio web. Permiten a la p\u00e1gina web recordar informaci\u00f3n sobre su visita, como su idioma preferido y otras configuraciones, para mejorar la experiencia del usuario durante su navegaci\u00f3n.\n\n<h2>Tipos de cookies utilizadas en luadecoracion.es<\/h2>\n\nLas cookies se clasifican seg\u00fan diferentes criterios:\n<ol>\n \t<li><strong>Cookies propias y de terceros<\/strong>: Seg\u00fan qui\u00e9n gestione el dominio desde el que se env\u00edan.<\/li>\n \t<li><strong>Cookies de sesi\u00f3n y persistentes<\/strong>: Seg\u00fan el tiempo que permanecen almacenadas en el navegador.<\/li>\n \t<li><strong>Cookies seg\u00fan su finalidad<\/strong>:\n<ul>\n \t<li><strong>Cookies t\u00e9cnicas<\/strong>: Permiten la navegaci\u00f3n y el uso de funciones esenciales del sitio web, como el carrito de compras.<\/li>\n \t<li><strong>Cookies de personalizaci\u00f3n<\/strong>: Guardan preferencias como el idioma del usuario.<\/li>\n \t<li><strong>Cookies de seguridad<\/strong>: Protegen el sitio web contra posibles ataques.<\/li>\n \t<li><strong>Cookies de complemento para redes sociales<\/strong>: Facilitan compartir contenido en plataformas sociales.<\/li>\n \t<li><strong>Cookies de an\u00e1lisis<\/strong>: Permiten realizar un seguimiento del comportamiento del usuario para mejorar el sitio web.<\/li>\n \t<li><strong>Cookies publicitarias y de publicidad comportamental<\/strong>: Gestionan y personalizan los anuncios seg\u00fan los h\u00e1bitos y comportamiento del usuario.<\/li>\n \t<li><strong>Cookies de geolocalizaci\u00f3n<\/strong>: Recogen datos sobre la ubicaci\u00f3n del usuario para personalizar el contenido.<\/li>\n<\/ul>\n<\/li>\n<\/ol>\n<h2>Consentimiento para el uso de cookies<\/h2>\n\nAl navegar por <strong>luadecoracion.es<\/strong>, el usuario puede aceptar expresamente el uso de cookies que requieren consentimiento. Sin embargo, el uso de <strong>cookies t\u00e9cnicas<\/strong> no requiere dicho consentimiento. El usuario puede configurar su navegador para bloquear el uso de cookies si lo desea.\n\n<h2>C\u00f3mo gestionar y modificar la configuraci\u00f3n de cookies<\/h2>\n\nPuedes restringir, bloquear o eliminar las cookies de <strong>luadecoracion.es<\/strong> o cualquier otro sitio web mediante la configuraci\u00f3n de tu navegador. Los procedimientos var\u00edan seg\u00fan el navegador:\n<ul>\n \t<li><strong>Google Chrome<\/strong>: <a href=\"https:\/\/support.google.com\/chrome\/answer\/95647?co=GENIE.Platform%3DDesktop&amp;hl=es\" target=\"_new\" rel=\"noopener\">C\u00f3mo administrar cookies en Chrome<\/a><\/li>\n \t<li><strong>Mozilla Firefox<\/strong>: <a href=\"https:\/\/support.mozilla.org\/es\/kb\/habilitar-y-deshabilitar-cookies-sitios-web-rastrear-preferencias\" target=\"_new\" rel=\"noopener\">Gestionar cookies en Firefox<\/a><\/li>\n \t<li><strong>Safari<\/strong>: <a href=\"https:\/\/support.apple.com\/es-es\/guide\/safari\/sfri11471\/mac\" target=\"_new\" rel=\"noopener\">Control de cookies en Safari<\/a><\/li>\n \t<li><strong>Internet Explorer<\/strong>: <a href=\"https:\/\/support.microsoft.com\/es-es\/help\/278835\/how-to-delete-cookie-files-in-internet-explorer\" target=\"_new\" rel=\"noopener\">Eliminar cookies en Internet Explorer<\/a><\/li>\n<\/ul>\nRecuerda que al deshabilitar algunas cookies, es posible que ciertas funciones del sitio web no est\u00e9n disponibles.\n\n<h2>Cookies utilizadas en luadecoracion.es<\/h2>\n\nEste portal web utiliza varias cookies para mejorar la experiencia del usuario y personalizar el contenido. Las cookies se utilizan con fines t\u00e9cnicos, de an\u00e1lisis, publicitarios y de personalizaci\u00f3n.\n\n<h2>Modificaci\u00f3n de esta Pol\u00edtica de Cookies<\/h2>\n\n<strong>luadecoracion.es<\/strong> se reserva el derecho de modificar esta Pol\u00edtica de Cookies en cualquier momento. El usuario acepta la responsabilidad de revisar esta pol\u00edtica regularmente para estar al tanto de los cambios.\t\t\t\t\t\t\t\t<\/div>\n\t\t\t\t<\/div>\n\t\t\t\t\t<\/div>\n\t\t\t\t<\/div>\n\t\t<div class=\"elementor-element elementor-element-14c5408 e-flex e-con-boxed e-con e-parent\" data-id=\"14c5408\" data-element_type=\"container\">\n\t\t\t\t\t<div class=\"e-con-inner\">\n\t\t\t\t<div class=\"elementor-element elementor-element-433eeef elementor-widget-divider--view-line elementor-widget elementor-widget-divider\" data-id=\"433eeef\" data-element_type=\"widget\" data-widget_type=\"divider.default\">\n\t\t\t\t<div class=\"elementor-widget-container\">\n\t\t\t\t\t\t\t<div class=\"elementor-divider\">\n\t\t\t<span class=\"elementor-divider-separator\">\n\t\t\t\t\t\t<\/span>\n\t\t<\/div>\n\t\t\t\t\t\t<\/div>\n\t\t\t\t<\/div>\n\t\t\t\t\t<\/div>\n\t\t\t\t<\/div>\n\t\t<div class=\"elementor-element elementor-element-c209457 e-grid e-con-boxed e-con e-parent\" data-id=\"c209457\" data-element_type=\"container\">\n\t\t\t\t\t<div class=\"e-con-inner\">\n\t\t\t\t<div class=\"elementor-element elementor-element-14a06ec elementor-widget elementor-widget-image\" data-id=\"14a06ec\" data-element_type=\"widget\" data-widget_type=\"image.default\">\n\t\t\t\t<div class=\"elementor-widget-container\">\n\t\t\t\t\t\t\t\t\t\t\t\t\t\t\t<img fetchpriority=\"high\" decoding=\"async\" width=\"1024\" height=\"249\" src=\"https:\/\/luadecoracion.es\/wp-content\/uploads\/2025\/01\/financiadoue-1024x249.png\" class=\"attachment-large size-large wp-image-12257\" alt=\"pol\u00edtica de privacidad financiado por la uni\u00f3n europea\" srcset=\"https:\/\/luadecoracion.es\/wp-content\/uploads\/2025\/01\/financiadoue-1024x249.png 1024w, https:\/\/luadecoracion.es\/wp-content\/uploads\/2025\/01\/financiadoue-300x73.png 300w, https:\/\/luadecoracion.es\/wp-content\/uploads\/2025\/01\/financiadoue-768x187.png 768w, https:\/\/luadecoracion.es\/wp-content\/uploads\/2025\/01\/financiadoue-1536x374.png 1536w, https:\/\/luadecoracion.es\/wp-content\/uploads\/2025\/01\/financiadoue-2048x498.png 2048w, https:\/\/luadecoracion.es\/wp-content\/uploads\/2025\/01\/financiadoue-18x4.png 18w\" sizes=\"(max-width: 1024px) 100vw, 1024px\" \/>\t\t\t\t\t\t\t\t\t\t\t\t\t\t\t<\/div>\n\t\t\t\t<\/div>\n\t\t\t\t<div class=\"elementor-element elementor-element-c0e8785 elementor-widget elementor-widget-image\" data-id=\"c0e8785\" data-element_type=\"widget\" data-widget_type=\"image.default\">\n\t\t\t\t<div class=\"elementor-widget-container\">\n\t\t\t\t\t\t\t\t\t\t\t\t\t\t\t<img decoding=\"async\" width=\"1024\" height=\"576\" src=\"https:\/\/luadecoracion.es\/wp-content\/uploads\/2025\/01\/plan_recuperacion-1024x576.png\" class=\"attachment-large size-large wp-image-12259\" alt=\"\" srcset=\"https:\/\/luadecoracion.es\/wp-content\/uploads\/2025\/01\/plan_recuperacion-1024x576.png 1024w, https:\/\/luadecoracion.es\/wp-content\/uploads\/2025\/01\/plan_recuperacion-300x169.png 300w, https:\/\/luadecoracion.es\/wp-content\/uploads\/2025\/01\/plan_recuperacion-768x432.png 768w, https:\/\/luadecoracion.es\/wp-content\/uploads\/2025\/01\/plan_recuperacion-1536x864.png 1536w, https:\/\/luadecoracion.es\/wp-content\/uploads\/2025\/01\/plan_recuperacion-18x10.png 18w, https:\/\/luadecoracion.es\/wp-content\/uploads\/2025\/01\/plan_recuperacion.png 1920w\" sizes=\"(max-width: 1024px) 100vw, 1024px\" \/>\t\t\t\t\t\t\t\t\t\t\t\t\t\t\t<\/div>\n\t\t\t\t<\/div>\n\t\t\t\t\t<\/div>\n\t\t\t\t<\/div>\n\t\t\t\t<\/div>","protected":false},"excerpt":{"rendered":"<p>Pol\u00edtica de Cookies de luadecoracion.es En cumplimiento con la Ley 34\/2002, de 11 de julio, de Servicios de la Sociedad de la Informaci\u00f3n y del Comercio Electr\u00f3nico, y el art\u00edculo 22 de la Ley de Cookies, esta Pol\u00edtica de Cookies tiene como objetivo informarle de manera clara sobre el uso de cookies en lua decoracion.es. [&hellip;]<\/p>","protected":false},"author":1,"featured_media":0,"parent":0,"menu_order":0,"comment_status":"closed","ping_status":"closed","template":"","meta":{"footnotes":""},"class_list":["post-9859","page","type-page","status-publish","hentry"],"yoast_head":"<!-- This site is optimized with the Yoast SEO plugin v24.3 - https:\/\/yoast.com\/wordpress\/plugins\/seo\/ -->\n<title>Pol\u00edtica de cookies - L\u00faa decoraci\u00f3n<\/title>\n<meta name=\"description\" content=\"Consulta nuestra pol\u00edtica de cookies para entender c\u00f3mo usamos cookies para mejorar tu experiencia en el sitio web y proteger tu privacidad\" \/>\n<meta name=\"robots\" content=\"index, follow, max-snippet:-1, max-image-preview:large, max-video-preview:-1\" \/>\n<link rel=\"canonical\" href=\"https:\/\/luadecoracion.es\/gl\/politica-de-cookies\/\" \/>\n<meta property=\"og:locale\" content=\"gl_ES\" \/>\n<meta property=\"og:type\" content=\"article\" \/>\n<meta property=\"og:title\" content=\"Pol\u00edtica de cookies - L\u00faa decoraci\u00f3n\" \/>\n<meta property=\"og:description\" content=\"Consulta nuestra pol\u00edtica de cookies para entender c\u00f3mo usamos cookies para mejorar tu experiencia en el sitio web y proteger tu privacidad\" \/>\n<meta property=\"og:url\" content=\"https:\/\/luadecoracion.es\/gl\/politica-de-cookies\/\" \/>\n<meta property=\"og:site_name\" content=\"L\u00faa decoraci\u00f3n\" \/>\n<meta property=\"article:publisher\" content=\"https:\/\/www.facebook.com\/profile.php?id=100063747350842&amp;locale=es_ES\" \/>\n<meta property=\"article:modified_time\" content=\"2025-01-18T15:58:48+00:00\" \/>\n<meta property=\"og:image\" content=\"https:\/\/luadecoracion.es\/wp-content\/uploads\/2025\/01\/financiadoue.png\" \/>\n\t<meta property=\"og:image:width\" content=\"3781\" \/>\n\t<meta property=\"og:image:height\" content=\"920\" \/>\n\t<meta property=\"og:image:type\" content=\"image\/png\" \/>\n<meta name=\"twitter:card\" content=\"summary_large_image\" \/>\n<meta name=\"twitter:label1\" content=\"Tempo de lectura\" \/>\n\t<meta name=\"twitter:data1\" content=\"3 minutos\" \/>\n<script type=\"application\/ld+json\" class=\"yoast-schema-graph\">{\"@context\":\"https:\/\/schema.org\",\"@graph\":[{\"@type\":\"WebPage\",\"@id\":\"https:\/\/luadecoracion.es\/politica-de-cookies\/\",\"url\":\"https:\/\/luadecoracion.es\/politica-de-cookies\/\",\"name\":\"Pol\u00edtica de cookies - L\u00faa decoraci\u00f3n\",\"isPartOf\":{\"@id\":\"https:\/\/luadecoracion.es\/#website\"},\"primaryImageOfPage\":{\"@id\":\"https:\/\/luadecoracion.es\/politica-de-cookies\/#primaryimage\"},\"image\":{\"@id\":\"https:\/\/luadecoracion.es\/politica-de-cookies\/#primaryimage\"},\"thumbnailUrl\":\"https:\/\/luadecoracion.es\/wp-content\/uploads\/2025\/01\/financiadoue-1024x249.png\",\"datePublished\":\"2024-11-15T04:52:45+00:00\",\"dateModified\":\"2025-01-18T15:58:48+00:00\",\"description\":\"Consulta nuestra pol\u00edtica de cookies para entender c\u00f3mo usamos cookies para mejorar tu experiencia en el sitio web y proteger tu privacidad\",\"breadcrumb\":{\"@id\":\"https:\/\/luadecoracion.es\/politica-de-cookies\/#breadcrumb\"},\"inLanguage\":\"gl-ES\",\"potentialAction\":[{\"@type\":\"ReadAction\",\"target\":[\"https:\/\/luadecoracion.es\/politica-de-cookies\/\"]}]},{\"@type\":\"ImageObject\",\"inLanguage\":\"gl-ES\",\"@id\":\"https:\/\/luadecoracion.es\/politica-de-cookies\/#primaryimage\",\"url\":\"https:\/\/luadecoracion.es\/wp-content\/uploads\/2025\/01\/financiadoue-1024x249.png\",\"contentUrl\":\"https:\/\/luadecoracion.es\/wp-content\/uploads\/2025\/01\/financiadoue-1024x249.png\"},{\"@type\":\"BreadcrumbList\",\"@id\":\"https:\/\/luadecoracion.es\/politica-de-cookies\/#breadcrumb\",\"itemListElement\":[{\"@type\":\"ListItem\",\"position\":1,\"name\":\"Portada\",\"item\":\"https:\/\/luadecoracion.es\/\"},{\"@type\":\"ListItem\",\"position\":2,\"name\":\"Pol\u00edtica de cookies\"}]},{\"@type\":\"WebSite\",\"@id\":\"https:\/\/luadecoracion.es\/#website\",\"url\":\"https:\/\/luadecoracion.es\/\",\"name\":\"L\u00faa decoraci\u00f3n\",\"description\":\"Productos de calidad para dar estilo y confort a tu hogar.\",\"publisher\":{\"@id\":\"https:\/\/luadecoracion.es\/#organization\"},\"potentialAction\":[{\"@type\":\"SearchAction\",\"target\":{\"@type\":\"EntryPoint\",\"urlTemplate\":\"https:\/\/luadecoracion.es\/?s={search_term_string}\"},\"query-input\":{\"@type\":\"PropertyValueSpecification\",\"valueRequired\":true,\"valueName\":\"search_term_string\"}}],\"inLanguage\":\"gl-ES\"},{\"@type\":\"Organization\",\"@id\":\"https:\/\/luadecoracion.es\/#organization\",\"name\":\"L\u00faa decoraci\u00f3n\",\"url\":\"https:\/\/luadecoracion.es\/\",\"logo\":{\"@type\":\"ImageObject\",\"inLanguage\":\"gl-ES\",\"@id\":\"https:\/\/luadecoracion.es\/#\/schema\/logo\/image\/\",\"url\":\"http:\/\/luadecoracion.es\/wp-content\/uploads\/2024\/11\/lua_logo.png\",\"contentUrl\":\"http:\/\/luadecoracion.es\/wp-content\/uploads\/2024\/11\/lua_logo.png\",\"width\":1000,\"height\":1000,\"caption\":\"L\u00faa decoraci\u00f3n\"},\"image\":{\"@id\":\"https:\/\/luadecoracion.es\/#\/schema\/logo\/image\/\"},\"sameAs\":[\"https:\/\/www.facebook.com\/profile.php?id=100063747350842&locale=es_ES\"]}]}<\/script>\n<!-- \/ Yoast SEO plugin. -->","yoast_head_json":{"title":"Pol\u00edtica de cookies - L\u00faa decoraci\u00f3n","description":"Consulta nuestra pol\u00edtica de cookies para entender c\u00f3mo usamos cookies para mejorar tu experiencia en el sitio web y proteger tu privacidad","robots":{"index":"index","follow":"follow","max-snippet":"max-snippet:-1","max-image-preview":"max-image-preview:large","max-video-preview":"max-video-preview:-1"},"canonical":"https:\/\/luadecoracion.es\/gl\/politica-de-cookies\/","og_locale":"gl_ES","og_type":"article","og_title":"Pol\u00edtica de cookies - L\u00faa decoraci\u00f3n","og_description":"Consulta nuestra pol\u00edtica de cookies para entender c\u00f3mo usamos cookies para mejorar tu experiencia en el sitio web y proteger tu privacidad","og_url":"https:\/\/luadecoracion.es\/gl\/politica-de-cookies\/","og_site_name":"L\u00faa decoraci\u00f3n","article_publisher":"https:\/\/www.facebook.com\/profile.php?id=100063747350842&locale=es_ES","article_modified_time":"2025-01-18T15:58:48+00:00","og_image":[{"width":3781,"height":920,"url":"https:\/\/luadecoracion.es\/wp-content\/uploads\/2025\/01\/financiadoue.png","type":"image\/png"}],"twitter_card":"summary_large_image","twitter_misc":{"Tempo de lectura":"3 minutos"},"schema":{"@context":"https:\/\/schema.org","@graph":[{"@type":"WebPage","@id":"https:\/\/luadecoracion.es\/politica-de-cookies\/","url":"https:\/\/luadecoracion.es\/politica-de-cookies\/","name":"Pol\u00edtica de cookies - L\u00faa decoraci\u00f3n","isPartOf":{"@id":"https:\/\/luadecoracion.es\/#website"},"primaryImageOfPage":{"@id":"https:\/\/luadecoracion.es\/politica-de-cookies\/#primaryimage"},"image":{"@id":"https:\/\/luadecoracion.es\/politica-de-cookies\/#primaryimage"},"thumbnailUrl":"https:\/\/luadecoracion.es\/wp-content\/uploads\/2025\/01\/financiadoue-1024x249.png","datePublished":"2024-11-15T04:52:45+00:00","dateModified":"2025-01-18T15:58:48+00:00","description":"Consulta nuestra pol\u00edtica de cookies para entender c\u00f3mo usamos cookies para mejorar tu experiencia en el sitio web y proteger tu privacidad","breadcrumb":{"@id":"https:\/\/luadecoracion.es\/politica-de-cookies\/#breadcrumb"},"inLanguage":"gl-ES","potentialAction":[{"@type":"ReadAction","target":["https:\/\/luadecoracion.es\/politica-de-cookies\/"]}]},{"@type":"ImageObject","inLanguage":"gl-ES","@id":"https:\/\/luadecoracion.es\/politica-de-cookies\/#primaryimage","url":"https:\/\/luadecoracion.es\/wp-content\/uploads\/2025\/01\/financiadoue-1024x249.png","contentUrl":"https:\/\/luadecoracion.es\/wp-content\/uploads\/2025\/01\/financiadoue-1024x249.png"},{"@type":"BreadcrumbList","@id":"https:\/\/luadecoracion.es\/politica-de-cookies\/#breadcrumb","itemListElement":[{"@type":"ListItem","position":1,"name":"Portada","item":"https:\/\/luadecoracion.es\/"},{"@type":"ListItem","position":2,"name":"Pol\u00edtica de cookies"}]},{"@type":"WebSite","@id":"https:\/\/luadecoracion.es\/#website","url":"https:\/\/luadecoracion.es\/","name":"L\u00faa decoraci\u00f3n","description":"Productos de calidad para dar estilo y confort a tu hogar.","publisher":{"@id":"https:\/\/luadecoracion.es\/#organization"},"potentialAction":[{"@type":"SearchAction","target":{"@type":"EntryPoint","urlTemplate":"https:\/\/luadecoracion.es\/?s={search_term_string}"},"query-input":{"@type":"PropertyValueSpecification","valueRequired":true,"valueName":"search_term_string"}}],"inLanguage":"gl-ES"},{"@type":"Organization","@id":"https:\/\/luadecoracion.es\/#organization","name":"L\u00faa decoraci\u00f3n","url":"https:\/\/luadecoracion.es\/","logo":{"@type":"ImageObject","inLanguage":"gl-ES","@id":"https:\/\/luadecoracion.es\/#\/schema\/logo\/image\/","url":"http:\/\/luadecoracion.es\/wp-content\/uploads\/2024\/11\/lua_logo.png","contentUrl":"http:\/\/luadecoracion.es\/wp-content\/uploads\/2024\/11\/lua_logo.png","width":1000,"height":1000,"caption":"L\u00faa decoraci\u00f3n"},"image":{"@id":"https:\/\/luadecoracion.es\/#\/schema\/logo\/image\/"},"sameAs":["https:\/\/www.facebook.com\/profile.php?id=100063747350842&locale=es_ES"]}]}},"_links":{"self":[{"href":"http:\/\/luadecoracion.es\/gl\/wp-json\/wp\/v2\/pages\/9859","targetHints":{"allow":["GET"]}}],"collection":[{"href":"http:\/\/luadecoracion.es\/gl\/wp-json\/wp\/v2\/pages"}],"about":[{"href":"http:\/\/luadecoracion.es\/gl\/wp-json\/wp\/v2\/types\/page"}],"author":[{"embeddable":true,"href":"http:\/\/luadecoracion.es\/gl\/wp-json\/wp\/v2\/users\/1"}],"replies":[{"embeddable":true,"href":"http:\/\/luadecoracion.es\/gl\/wp-json\/wp\/v2\/comments?post=9859"}],"version-history":[{"count":46,"href":"http:\/\/luadecoracion.es\/gl\/wp-json\/wp\/v2\/pages\/9859\/revisions"}],"predecessor-version":[{"id":12397,"href":"http:\/\/luadecoracion.es\/gl\/wp-json\/wp\/v2\/pages\/9859\/revisions\/12397"}],"wp:attachment":[{"href":"http:\/\/luadecoracion.es\/gl\/wp-json\/wp\/v2\/media?parent=9859"}],"curies":[{"name":"wp","href":"https:\/\/api.w.org\/{rel}","templated":true}]}}