{"id":1884,"date":"2020-10-05T15:42:25","date_gmt":"2020-10-05T15:42:25","guid":{"rendered":"http:\/\/localhost\/lawmaster\/?page_id=1884"},"modified":"2025-03-10T13:02:12","modified_gmt":"2025-03-10T13:02:12","slug":"servicios","status":"publish","type":"page","link":"https:\/\/luadecoracion.es\/gl\/servicios\/","title":{"rendered":"Servizos"},"content":{"rendered":"<div data-elementor-type=\"wp-page\" data-elementor-id=\"1884\" class=\"elementor elementor-1884\">\n\t\t\t\t\t\t<section class=\"elementor-section elementor-top-section elementor-element elementor-element-f811dc9 elementor-section-boxed elementor-section-height-default elementor-section-height-default\" data-id=\"f811dc9\" data-element_type=\"section\" data-settings=\"{&quot;background_background&quot;:&quot;classic&quot;}\">\n\t\t\t\t\t\t<div class=\"elementor-container elementor-column-gap-default\">\n\t\t\t\t\t<div class=\"elementor-column elementor-col-100 elementor-top-column elementor-element elementor-element-0b2325b\" data-id=\"0b2325b\" data-element_type=\"column\">\n\t\t\t<div class=\"elementor-widget-wrap elementor-element-populated\">\n\t\t\t\t\t\t<div class=\"elementor-element elementor-element-b48bf08 themex-star-rating--align-center elementor-widget elementor-widget-witr_section_title\" data-id=\"b48bf08\" data-element_type=\"widget\" data-widget_type=\"witr_section_title.default\">\n\t\t\t\t<div class=\"elementor-widget-container\">\n\t\t\t\t\t\t\t\t\t\t<!-- title center -->\n\t\t\t\t\t<div class=\"witr_section_title\">\n\t\t\t\t\t\t<div class=\"witr_section_title_inner text-center\">\n\n\t\t\t\t\t\t\t<!-- icon position -->\n\t\t\t\t\t\t\t\t\n\t\t\t\t\t\t\t<!-- end icon position -->\n\t\t\t\t\t\t\t\n\t\t\t\t\t\t\n\t\t\t\t\t\t\t<!-- title top -->\n\t\t\t\t\t\t\t\n\n\t\t\t\t\t\t\t<!-- icon position -->\n\t\t\t\t\t\t\t\t\n\t\t\t\t\t\t\t<!-- end icon position -->\n\n\n\t\t\t\t\t\t\t\n\t\t\t\t\t\t\t<!-- title middle -->\n\t\t\t\t\t\t\t\t\t\t\t\t\t\t\t<h3>\u00bfEst\u00e1s pensando en cambiar tus cortinas, estores o la ropa de la cama? \n<\/h3>\t\t\n\t\t\t\t\t\t\t\t\t\t\t\t\t\t<!-- title bottom -->\n\t\t\t\t\t\t\t\n\t\t\t\t\t\t\t\n\t\t\t\t\t\t\t\n\t\t\t\t\t\t\t\t\t\t\t\t\t\t\n\t\t\t\t\t\t\t<!-- image -->\n\t\t\t\t\t\t\t\t\t\t\t\t\t\t<!-- icon -->\n\t\t\t\t\t\t\t\t\t\t\t\t\t\t\n\t\t\t\t\t\t\t<!-- bar -->\n\t\t\t\t\t\t\t\t\t\t\t\t\t\t<!-- circle bar -->\n\t\t\t\t\t\t\t\t\t\t\t\t\t\t\n\t\t\t\t\t\t\t\t\n\t\t\t\t\t\t\t\n\n\t\t\t\t\t\t\t\n\t\t\t\t\t\t\t<!-- content -->\n\t\t\t\t\t\t\t\t\t\t\t\t\t\t\t<p>Te ofrecemos m\u00faltiples  servicios adaptados a tus necesidades. Tr\u00e1enos unas medidas y te haremos un presupuesto sin compromiso. <\/p>\t\t\n\t\t\t\t\t\t\t\t\t\t\t\t\t\t\n\t\t\t\t\t\t<\/div>\n\t\t\t\t\t\t\t<!-- inner title -->\n\t\t\t\t\t\t\t\t\t\t\t\t\t\n\t\t\t\t\t<\/div>\n\n\t\t\t\t\t\t\t\t<\/div>\n\t\t\t\t<\/div>\n\t\t\t\t<section class=\"elementor-section elementor-inner-section elementor-element elementor-element-c4df22f elementor-section-boxed elementor-section-height-default elementor-section-height-default\" data-id=\"c4df22f\" data-element_type=\"section\">\n\t\t\t\t\t\t<div class=\"elementor-container elementor-column-gap-default\">\n\t\t\t\t\t<div class=\"elementor-column elementor-col-33 elementor-inner-column elementor-element elementor-element-35560e8\" data-id=\"35560e8\" data-element_type=\"column\">\n\t\t\t<div class=\"elementor-widget-wrap elementor-element-populated\">\n\t\t\t\t\t\t<div class=\"elementor-element elementor-element-4eff9fe themex-star-rating--align-center elementor-widget elementor-widget-witr_section_feature\" data-id=\"4eff9fe\" data-element_type=\"widget\" data-widget_type=\"witr_section_feature.default\">\n\t\t\t\t<div class=\"elementor-widget-container\">\n\t\t\t\t\t            <div class=\"sub-border-2 all_feature_color text-left\">                 \n\t\t\t\t<div class=\"sub-item\">\n\t\t\t\t\t<!-- number -->\n\t\t\t\t\t\t\t\t\t\t\t<span>01<\/span>\n\t\t\t\t\t\t\t\t\t\t\t\t\t\t\t\n\t\t\t\t\t<!-- icon -->\n\t\t\t\t\t\t\t\t\t\t<!-- custom icon -->\n\t\t\t\t\t\t\t\t\t\t\n\t\t\t\t\t<!-- image -->\n\t\t\t\t\t<img decoding=\"async\" width=\"68\" height=\"66\" src=\"https:\/\/luadecoracion.es\/wp-content\/uploads\/2022\/02\/icon-08.png\" class=\"attachment-full size-full wp-image-9412\" alt=\"servicios presupuestos\" \/>\t\n\t\t\t\t\t<!-- title -->\n\t\t\t\t\t\t\t\t\t\t \n\t\t\t\t\t\t<h3><a href=\"#\">Asesoramento<\/a><\/h3>\n\t\t\t\t\t\t\t\t\t\t\t\t\t\t\t<!-- content -->\n\t\t\t\t\t\t\t\t\t\t\t<p>Contamos con un equipo cualificado que te acompa\u00f1ar\u00e1 en todo el proceso <\/p>\t\t\n\t\t\t\t\t\t\t\t\t\t<!-- button -->\n\t\t\t\t\t\t\t\t\t<\/div> <!-- sub item -->\t\t   \n            <\/div> <!-- sub border -->\n\t\t\t\t\t\n\t\t\t\t\t\t<\/div>\n\t\t\t\t<\/div>\n\t\t\t\t\t<\/div>\n\t\t<\/div>\n\t\t\t\t<div class=\"elementor-column elementor-col-33 elementor-inner-column elementor-element elementor-element-0f533b9\" data-id=\"0f533b9\" data-element_type=\"column\">\n\t\t\t<div class=\"elementor-widget-wrap elementor-element-populated\">\n\t\t\t\t\t\t<div class=\"elementor-element elementor-element-e3f6434 themex-star-rating--align-center elementor-widget elementor-widget-witr_section_feature\" data-id=\"e3f6434\" data-element_type=\"widget\" data-widget_type=\"witr_section_feature.default\">\n\t\t\t\t<div class=\"elementor-widget-container\">\n\t\t\t\t\t            <div class=\"sub-border-2 all_feature_color text-left\">                 \n\t\t\t\t<div class=\"sub-item\">\n\t\t\t\t\t<!-- number -->\n\t\t\t\t\t\t\t\t\t\t\t<span>02<\/span>\n\t\t\t\t\t\t\t\t\t\t\t\t\t\t\t\n\t\t\t\t\t<!-- icon -->\n\t\t\t\t\t\t\t\t\t\t<!-- custom icon -->\n\t\t\t\t\t\t\t\t\t\t\n\t\t\t\t\t<!-- image -->\n\t\t\t\t\t<img decoding=\"async\" width=\"62\" height=\"66\" src=\"https:\/\/luadecoracion.es\/wp-content\/uploads\/2022\/02\/icon-06.png\" class=\"attachment-full size-full wp-image-9410\" alt=\"servicios tasaci\u00f3n\" \/>\t\n\t\t\t\t\t<!-- title -->\n\t\t\t\t\t\t\t\t\t\t \n\t\t\t\t\t\t<h3><a href=\"#\"> Tasaci\u00f3n<\/a><\/h3>\n\t\t\t\t\t\t\t\t\t\t\t\t\t\t\t<!-- content -->\n\t\t\t\t\t\t\t\t\t\t\t<p>Te ofrecemos la mejor calidad al mejor precio al disponer de taller propio <\/p>\t\t\n\t\t\t\t\t\t\t\t\t\t<!-- button -->\n\t\t\t\t\t\t\t\t\t<\/div> <!-- sub item -->\t\t   \n            <\/div> <!-- sub border -->\n\t\t\t\t\t\n\t\t\t\t\t\t<\/div>\n\t\t\t\t<\/div>\n\t\t\t\t\t<\/div>\n\t\t<\/div>\n\t\t\t\t<div class=\"elementor-column elementor-col-33 elementor-inner-column elementor-element elementor-element-fabf1a5\" data-id=\"fabf1a5\" data-element_type=\"column\">\n\t\t\t<div class=\"elementor-widget-wrap elementor-element-populated\">\n\t\t\t\t\t\t<div class=\"elementor-element elementor-element-1a4be5a themex-star-rating--align-center elementor-widget elementor-widget-witr_section_feature\" data-id=\"1a4be5a\" data-element_type=\"widget\" data-widget_type=\"witr_section_feature.default\">\n\t\t\t\t<div class=\"elementor-widget-container\">\n\t\t\t\t\t            <div class=\"sub-border-2 all_feature_color text-left\">                 \n\t\t\t\t<div class=\"sub-item\">\n\t\t\t\t\t<!-- number -->\n\t\t\t\t\t\t\t\t\t\t\t<span>03<\/span>\n\t\t\t\t\t\t\t\t\t\t\t\t\t\t\t\n\t\t\t\t\t<!-- icon -->\n\t\t\t\t\t\t\t\t\t\t<!-- custom icon -->\n\t\t\t\t\t\t\t\t\t\t\n\t\t\t\t\t<!-- image -->\n\t\t\t\t\t<img decoding=\"async\" width=\"65\" height=\"65\" src=\"https:\/\/luadecoracion.es\/wp-content\/uploads\/2022\/02\/icon-07.png\" class=\"attachment-full size-full wp-image-9411\" alt=\"presupuestos icon-07\" \/>\t\n\t\t\t\t\t<!-- title -->\n\t\t\t\t\t\t\t\t\t\t \n\t\t\t\t\t\t<h3><a href=\"#\">Plan de financiamento<\/a><\/h3>\n\t\t\t\t\t\t\t\t\t\t\t\t\t\t\t<!-- content -->\n\t\t\t\t\t\t\t\t\t\t\t<p>Temos moitas posibilidades en canto \u00e1s opci\u00f3ns de financiamento <\/p>\t\t\n\t\t\t\t\t\t\t\t\t\t<!-- button -->\n\t\t\t\t\t\t\t\t\t<\/div> <!-- sub item -->\t\t   \n            <\/div> <!-- sub border -->\n\t\t\t\t\t\n\t\t\t\t\t\t<\/div>\n\t\t\t\t<\/div>\n\t\t\t\t\t<\/div>\n\t\t<\/div>\n\t\t\t\t\t<\/div>\n\t\t<\/section>\n\t\t\t\t\t<\/div>\n\t\t<\/div>\n\t\t\t\t\t<\/div>\n\t\t<\/section>\n\t\t<div class=\"elementor-element elementor-element-81fb7bd e-flex e-con-boxed e-con e-parent\" data-id=\"81fb7bd\" data-element_type=\"container\">\n\t\t\t\t\t<div class=\"e-con-inner\">\n\t\t\t\t<div class=\"elementor-element elementor-element-57b2e53 elementor-widget elementor-widget-html\" data-id=\"57b2e53\" data-element_type=\"widget\" data-widget_type=\"html.default\">\n\t\t\t\t<div class=\"elementor-widget-container\">\n\t\t\t\t\t<h3>\n    P\u00eddenos <span style=\"color:#15B1BB\">presupuesto<\/span> sen compromiso. Ofrec\u00e9mosche a m\u00e1xima calidade e os mellores servizos ao mellor prezo ao dispo\u00f1er de <span style=\"color:#15B1BB\">taller propio<\/span>\n<\/h3>\n<p>\n    Cons\u00faltanos calquera d\u00fabida, envi\u00e1ndonos unha mensaxe ao noso <a style=\"text-decoration:underline\" href=\"\/gl\/contacto\/\">formulario de contacto<\/a>\n<\/p>\t\t\t\t<\/div>\n\t\t\t\t<\/div>\n\t\t\t\t\t<\/div>\n\t\t\t\t<\/div>\n\t\t<div class=\"elementor-element elementor-element-7f42965 e-flex e-con-boxed e-con e-parent\" data-id=\"7f42965\" data-element_type=\"container\">\n\t\t\t\t\t<div class=\"e-con-inner\">\n\t\t\t\t<div class=\"elementor-element elementor-element-d52a76b elementor-widget elementor-widget-html\" data-id=\"d52a76b\" data-element_type=\"widget\" data-widget_type=\"html.default\">\n\t\t\t\t<div class=\"elementor-widget-container\">\n\t\t\t\t\t<h2>Crea o ambiente perfecto no teu fogar<\/h2>\r\n<p>O fogar \u00e9 o noso refuxio, e a decoraci\u00f3n axeitada pode marcar a diferenza. Imagina o teu durmitorio cun\". <strong>edred\u00f3n suave y elegante<\/strong> o una sala transformada con <strong>paneis xaponeses<\/strong> modernos y funcionales. Estos elementos no solo aportan estilo, sino tambi\u00e9n confort.<\/p>\r\n\r\n<p>Nuestras <strong>fundas n\u00f3rdicas<\/strong> y <strong>edredones<\/strong> te envuelven en calidez, mientras que los <strong>cojines decorativos<\/strong> a\u00f1aden textura y color, haciendo que cada rinc\u00f3n sea m\u00e1s acogedor. Y para las ventanas, los <strong>paneis xaponeses<\/strong> ofrecen unha soluci\u00f3n elegante que controla a luz e aporta un toque contempor\u00e1neo.<\/p>\r\n\r\n<p>Elixe os nosos produtos e transforma o teu fogar nun espazo cheo de beleza e benestar. \u00a1Fai que cada detalle conte!<\/p>\r\n\t\t\t\t<\/div>\n\t\t\t\t<\/div>\n\t\t\t\t\t<\/div>\n\t\t\t\t<\/div>\n\t\t<div class=\"elementor-element elementor-element-f23560d e-flex e-con-boxed e-con e-parent\" data-id=\"f23560d\" data-element_type=\"container\">\n\t\t\t\t\t<div class=\"e-con-inner\">\n\t\t\t\t<div class=\"elementor-element elementor-element-67ee4a6 elementor-widget-divider--view-line elementor-widget elementor-widget-divider\" data-id=\"67ee4a6\" data-element_type=\"widget\" data-widget_type=\"divider.default\">\n\t\t\t\t<div class=\"elementor-widget-container\">\n\t\t\t\t\t\t\t<div class=\"elementor-divider\">\n\t\t\t<span class=\"elementor-divider-separator\">\n\t\t\t\t\t\t<\/span>\n\t\t<\/div>\n\t\t\t\t\t\t<\/div>\n\t\t\t\t<\/div>\n\t\t\t\t\t<\/div>\n\t\t\t\t<\/div>\n\t\t<div class=\"elementor-element elementor-element-6eb5a7d e-flex e-con-boxed e-con e-parent\" data-id=\"6eb5a7d\" data-element_type=\"container\">\n\t\t\t\t\t<div class=\"e-con-inner\">\n\t\t\t\t<div class=\"elementor-element elementor-element-0eebb49 elementor-widget elementor-widget-text-editor\" data-id=\"0eebb49\" data-element_type=\"widget\" data-widget_type=\"text-editor.default\">\n\t\t\t\t<div class=\"elementor-widget-container\">\n\t\t\t\t\t\t\t\t\t<p style=\"font-size: 26px;\">\nS\u00edguenos en Facebook para estar ao d\u00eda coas nosas novidades<\/p>\n<a class=\"btn btn-primary\" style=\"border-radius: 2px;\" href=\"https:\/\/www.facebook.com\/profile.php?id=100063747350842&amp;locale=es_ES\" target=\"_blank\" rel=\"noopener\">\n<i class=\"fab fa-facebook-f\"><\/i>\n<span class=\"m-2\" style=\"font-family: sans-serif;\">\nIr a Facebook\n<\/span>\n<\/a>\t\t\t\t\t\t\t\t<\/div>\n\t\t\t\t<\/div>\n\t\t\t\t\t<\/div>\n\t\t\t\t<\/div>\n\t\t<div class=\"elementor-element elementor-element-9fd8312 e-flex e-con-boxed e-con e-parent\" data-id=\"9fd8312\" data-element_type=\"container\">\n\t\t\t\t\t<div class=\"e-con-inner\">\n\t\t\t\t\t<\/div>\n\t\t\t\t<\/div>\n\t\t<div class=\"elementor-element elementor-element-6b94e81 e-flex e-con-boxed e-con e-parent\" data-id=\"6b94e81\" data-element_type=\"container\">\n\t\t\t\t\t<div class=\"e-con-inner\">\n\t\t\t\t<div class=\"elementor-element elementor-element-e715a09 elementor-widget elementor-widget-html\" data-id=\"e715a09\" data-element_type=\"widget\" data-widget_type=\"html.default\">\n\t\t\t\t<div class=\"elementor-widget-container\">\n\t\t\t\t\t<h2><span style=\"color:#15B1BB\">L\u00faa decoraci\u00f3n<\/span> Leva xa m\u00e1is de 25 anos creando fogar<\/h2>\n\n<p style=\"margin-top:20px\">\n    <span style=\"font-weight:bold\">CONFECCIONAMOS E INSTALAMOS:<\/span>\n    Cortinas. Estores. Paneis xaponeses. Coix\u00edns. Persianas verticais... E ADEM\u00c1IS... Colchas. Mantas. Edred\u00f3ns. S\u00e1banas. Fundas de sof\u00e1. Almohadas. Edred\u00f3ns n\u00f3rdicos...\n    \n\n<\/p>\t\t\t\t<\/div>\n\t\t\t\t<\/div>\n\t\t\t\t\t<\/div>\n\t\t\t\t<\/div>\n\t\t<div class=\"elementor-element elementor-element-eb621f8 e-flex e-con-boxed e-con e-parent\" data-id=\"eb621f8\" data-element_type=\"container\">\n\t\t\t\t\t<div class=\"e-con-inner\">\n\t\t\t\t<div class=\"elementor-element elementor-element-6b75ab5 elementor-widget-divider--view-line elementor-widget elementor-widget-divider\" data-id=\"6b75ab5\" data-element_type=\"widget\" data-widget_type=\"divider.default\">\n\t\t\t\t<div class=\"elementor-widget-container\">\n\t\t\t\t\t\t\t<div class=\"elementor-divider\">\n\t\t\t<span class=\"elementor-divider-separator\">\n\t\t\t\t\t\t<\/span>\n\t\t<\/div>\n\t\t\t\t\t\t<\/div>\n\t\t\t\t<\/div>\n\t\t\t\t\t<\/div>\n\t\t\t\t<\/div>\n\t\t<div class=\"elementor-element elementor-element-470698a e-grid e-con-boxed e-con e-parent\" data-id=\"470698a\" data-element_type=\"container\">\n\t\t\t\t\t<div class=\"e-con-inner\">\n\t\t\t\t<div class=\"elementor-element elementor-element-e99e08c elementor-widget elementor-widget-image\" data-id=\"e99e08c\" data-element_type=\"widget\" data-widget_type=\"image.default\">\n\t\t\t\t<div class=\"elementor-widget-container\">\n\t\t\t\t\t\t\t\t\t\t\t\t\t\t\t<img loading=\"lazy\" decoding=\"async\" width=\"1024\" height=\"249\" src=\"https:\/\/luadecoracion.es\/wp-content\/uploads\/2025\/01\/financiadoue-1024x249.png\" class=\"attachment-large size-large wp-image-12257\" alt=\"pol\u00edtica de privacidad financiado por la uni\u00f3n europea\" srcset=\"https:\/\/luadecoracion.es\/wp-content\/uploads\/2025\/01\/financiadoue-1024x249.png 1024w, https:\/\/luadecoracion.es\/wp-content\/uploads\/2025\/01\/financiadoue-300x73.png 300w, https:\/\/luadecoracion.es\/wp-content\/uploads\/2025\/01\/financiadoue-768x187.png 768w, https:\/\/luadecoracion.es\/wp-content\/uploads\/2025\/01\/financiadoue-1536x374.png 1536w, https:\/\/luadecoracion.es\/wp-content\/uploads\/2025\/01\/financiadoue-2048x498.png 2048w, https:\/\/luadecoracion.es\/wp-content\/uploads\/2025\/01\/financiadoue-18x4.png 18w\" sizes=\"(max-width: 1024px) 100vw, 1024px\" \/>\t\t\t\t\t\t\t\t\t\t\t\t\t\t\t<\/div>\n\t\t\t\t<\/div>\n\t\t\t\t<div class=\"elementor-element elementor-element-0a637c2 elementor-widget elementor-widget-image\" data-id=\"0a637c2\" data-element_type=\"widget\" data-widget_type=\"image.default\">\n\t\t\t\t<div class=\"elementor-widget-container\">\n\t\t\t\t\t\t\t\t\t\t\t\t\t\t\t<img loading=\"lazy\" decoding=\"async\" width=\"1024\" height=\"576\" src=\"https:\/\/luadecoracion.es\/wp-content\/uploads\/2025\/01\/plan_recuperacion-1024x576.png\" class=\"attachment-large size-large wp-image-12259\" alt=\"\" srcset=\"https:\/\/luadecoracion.es\/wp-content\/uploads\/2025\/01\/plan_recuperacion-1024x576.png 1024w, https:\/\/luadecoracion.es\/wp-content\/uploads\/2025\/01\/plan_recuperacion-300x169.png 300w, https:\/\/luadecoracion.es\/wp-content\/uploads\/2025\/01\/plan_recuperacion-768x432.png 768w, https:\/\/luadecoracion.es\/wp-content\/uploads\/2025\/01\/plan_recuperacion-1536x864.png 1536w, https:\/\/luadecoracion.es\/wp-content\/uploads\/2025\/01\/plan_recuperacion-18x10.png 18w, https:\/\/luadecoracion.es\/wp-content\/uploads\/2025\/01\/plan_recuperacion.png 1920w\" sizes=\"(max-width: 1024px) 100vw, 1024px\" \/>\t\t\t\t\t\t\t\t\t\t\t\t\t\t\t<\/div>\n\t\t\t\t<\/div>\n\t\t\t\t\t<\/div>\n\t\t\t\t<\/div>\n\t\t\t\t<\/div>","protected":false},"excerpt":{"rendered":"<p>\u00bfEst\u00e1s pensando en cambiar tus cortinas, estores o la ropa de la cama? Te ofrecemos m\u00faltiples servicios adaptados a tus necesidades. Tr\u00e1enos unas medidas y te haremos un presupuesto sin compromiso. 01 Asesoramiento Contamos con un equipo cualificado que te acompa\u00f1ar\u00e1 en todo el proceso 02 Tasaci\u00f3n Te ofrecemos la mejor calidad al mejor precio [&hellip;]<\/p>","protected":false},"author":1,"featured_media":0,"parent":0,"menu_order":0,"comment_status":"closed","ping_status":"closed","template":"template-home.php","meta":{"footnotes":""},"class_list":["post-1884","page","type-page","status-publish","hentry"],"yoast_head":"<!-- This site is optimized with the Yoast SEO plugin v24.3 - https:\/\/yoast.com\/wordpress\/plugins\/seo\/ -->\n<title>Servicios - L\u00faa decoraci\u00f3n<\/title>\n<meta name=\"description\" content=\"Presupuestos y servicios. Precios competitivos ya que disponemos de taller propio. Flexibilidad en el pago de los servicios\" \/>\n<meta name=\"robots\" content=\"index, follow, max-snippet:-1, max-image-preview:large, max-video-preview:-1\" \/>\n<link rel=\"canonical\" href=\"https:\/\/luadecoracion.es\/gl\/servicios\/\" \/>\n<meta property=\"og:locale\" content=\"gl_ES\" \/>\n<meta property=\"og:type\" content=\"article\" \/>\n<meta property=\"og:title\" content=\"Servicios - L\u00faa decoraci\u00f3n\" \/>\n<meta property=\"og:description\" content=\"Presupuestos y servicios. Precios competitivos ya que disponemos de taller propio. Flexibilidad en el pago de los servicios\" \/>\n<meta property=\"og:url\" content=\"https:\/\/luadecoracion.es\/gl\/servicios\/\" \/>\n<meta property=\"og:site_name\" content=\"L\u00faa decoraci\u00f3n\" \/>\n<meta property=\"article:publisher\" content=\"https:\/\/www.facebook.com\/profile.php?id=100063747350842&amp;locale=es_ES\" \/>\n<meta property=\"article:modified_time\" content=\"2025-03-10T13:02:12+00:00\" \/>\n<meta property=\"og:image\" content=\"https:\/\/luadecoracion.es\/wp-content\/uploads\/2022\/02\/icon-08.png\" \/>\n\t<meta property=\"og:image:width\" content=\"68\" \/>\n\t<meta property=\"og:image:height\" content=\"66\" \/>\n\t<meta property=\"og:image:type\" content=\"image\/png\" \/>\n<meta name=\"twitter:card\" content=\"summary_large_image\" \/>\n<meta name=\"twitter:label1\" content=\"Tempo de lectura\" \/>\n\t<meta name=\"twitter:data1\" content=\"3 minutos\" \/>\n<script type=\"application\/ld+json\" class=\"yoast-schema-graph\">{\"@context\":\"https:\/\/schema.org\",\"@graph\":[{\"@type\":\"WebPage\",\"@id\":\"https:\/\/luadecoracion.es\/servicios\/\",\"url\":\"https:\/\/luadecoracion.es\/servicios\/\",\"name\":\"Servicios - L\u00faa decoraci\u00f3n\",\"isPartOf\":{\"@id\":\"https:\/\/luadecoracion.es\/#website\"},\"primaryImageOfPage\":{\"@id\":\"https:\/\/luadecoracion.es\/servicios\/#primaryimage\"},\"image\":{\"@id\":\"https:\/\/luadecoracion.es\/servicios\/#primaryimage\"},\"thumbnailUrl\":\"https:\/\/luadecoracion.es\/wp-content\/uploads\/2022\/02\/icon-08.png\",\"datePublished\":\"2020-10-05T15:42:25+00:00\",\"dateModified\":\"2025-03-10T13:02:12+00:00\",\"description\":\"Presupuestos y servicios. Precios competitivos ya que disponemos de taller propio. Flexibilidad en el pago de los servicios\",\"breadcrumb\":{\"@id\":\"https:\/\/luadecoracion.es\/servicios\/#breadcrumb\"},\"inLanguage\":\"gl-ES\",\"potentialAction\":[{\"@type\":\"ReadAction\",\"target\":[\"https:\/\/luadecoracion.es\/servicios\/\"]}]},{\"@type\":\"ImageObject\",\"inLanguage\":\"gl-ES\",\"@id\":\"https:\/\/luadecoracion.es\/servicios\/#primaryimage\",\"url\":\"https:\/\/luadecoracion.es\/wp-content\/uploads\/2022\/02\/icon-08.png\",\"contentUrl\":\"https:\/\/luadecoracion.es\/wp-content\/uploads\/2022\/02\/icon-08.png\"},{\"@type\":\"BreadcrumbList\",\"@id\":\"https:\/\/luadecoracion.es\/servicios\/#breadcrumb\",\"itemListElement\":[{\"@type\":\"ListItem\",\"position\":1,\"name\":\"Portada\",\"item\":\"https:\/\/luadecoracion.es\/\"},{\"@type\":\"ListItem\",\"position\":2,\"name\":\"Servicios\"}]},{\"@type\":\"WebSite\",\"@id\":\"https:\/\/luadecoracion.es\/#website\",\"url\":\"https:\/\/luadecoracion.es\/\",\"name\":\"L\u00faa decoraci\u00f3n\",\"description\":\"Productos de calidad para dar estilo y confort a tu hogar.\",\"publisher\":{\"@id\":\"https:\/\/luadecoracion.es\/#organization\"},\"potentialAction\":[{\"@type\":\"SearchAction\",\"target\":{\"@type\":\"EntryPoint\",\"urlTemplate\":\"https:\/\/luadecoracion.es\/?s={search_term_string}\"},\"query-input\":{\"@type\":\"PropertyValueSpecification\",\"valueRequired\":true,\"valueName\":\"search_term_string\"}}],\"inLanguage\":\"gl-ES\"},{\"@type\":\"Organization\",\"@id\":\"https:\/\/luadecoracion.es\/#organization\",\"name\":\"L\u00faa decoraci\u00f3n\",\"url\":\"https:\/\/luadecoracion.es\/\",\"logo\":{\"@type\":\"ImageObject\",\"inLanguage\":\"gl-ES\",\"@id\":\"https:\/\/luadecoracion.es\/#\/schema\/logo\/image\/\",\"url\":\"http:\/\/luadecoracion.es\/wp-content\/uploads\/2024\/11\/lua_logo.png\",\"contentUrl\":\"http:\/\/luadecoracion.es\/wp-content\/uploads\/2024\/11\/lua_logo.png\",\"width\":1000,\"height\":1000,\"caption\":\"L\u00faa decoraci\u00f3n\"},\"image\":{\"@id\":\"https:\/\/luadecoracion.es\/#\/schema\/logo\/image\/\"},\"sameAs\":[\"https:\/\/www.facebook.com\/profile.php?id=100063747350842&locale=es_ES\"]}]}<\/script>\n<!-- \/ Yoast SEO plugin. -->","yoast_head_json":{"title":"Servicios - L\u00faa decoraci\u00f3n","description":"Presupuestos y servicios. Precios competitivos ya que disponemos de taller propio. Flexibilidad en el pago de los servicios","robots":{"index":"index","follow":"follow","max-snippet":"max-snippet:-1","max-image-preview":"max-image-preview:large","max-video-preview":"max-video-preview:-1"},"canonical":"https:\/\/luadecoracion.es\/gl\/servicios\/","og_locale":"gl_ES","og_type":"article","og_title":"Servicios - L\u00faa decoraci\u00f3n","og_description":"Presupuestos y servicios. Precios competitivos ya que disponemos de taller propio. Flexibilidad en el pago de los servicios","og_url":"https:\/\/luadecoracion.es\/gl\/servicios\/","og_site_name":"L\u00faa decoraci\u00f3n","article_publisher":"https:\/\/www.facebook.com\/profile.php?id=100063747350842&locale=es_ES","article_modified_time":"2025-03-10T13:02:12+00:00","og_image":[{"width":68,"height":66,"url":"https:\/\/luadecoracion.es\/wp-content\/uploads\/2022\/02\/icon-08.png","type":"image\/png"}],"twitter_card":"summary_large_image","twitter_misc":{"Tempo de lectura":"3 minutos"},"schema":{"@context":"https:\/\/schema.org","@graph":[{"@type":"WebPage","@id":"https:\/\/luadecoracion.es\/servicios\/","url":"https:\/\/luadecoracion.es\/servicios\/","name":"Servicios - L\u00faa decoraci\u00f3n","isPartOf":{"@id":"https:\/\/luadecoracion.es\/#website"},"primaryImageOfPage":{"@id":"https:\/\/luadecoracion.es\/servicios\/#primaryimage"},"image":{"@id":"https:\/\/luadecoracion.es\/servicios\/#primaryimage"},"thumbnailUrl":"https:\/\/luadecoracion.es\/wp-content\/uploads\/2022\/02\/icon-08.png","datePublished":"2020-10-05T15:42:25+00:00","dateModified":"2025-03-10T13:02:12+00:00","description":"Presupuestos y servicios. Precios competitivos ya que disponemos de taller propio. Flexibilidad en el pago de los servicios","breadcrumb":{"@id":"https:\/\/luadecoracion.es\/servicios\/#breadcrumb"},"inLanguage":"gl-ES","potentialAction":[{"@type":"ReadAction","target":["https:\/\/luadecoracion.es\/servicios\/"]}]},{"@type":"ImageObject","inLanguage":"gl-ES","@id":"https:\/\/luadecoracion.es\/servicios\/#primaryimage","url":"https:\/\/luadecoracion.es\/wp-content\/uploads\/2022\/02\/icon-08.png","contentUrl":"https:\/\/luadecoracion.es\/wp-content\/uploads\/2022\/02\/icon-08.png"},{"@type":"BreadcrumbList","@id":"https:\/\/luadecoracion.es\/servicios\/#breadcrumb","itemListElement":[{"@type":"ListItem","position":1,"name":"Portada","item":"https:\/\/luadecoracion.es\/"},{"@type":"ListItem","position":2,"name":"Servicios"}]},{"@type":"WebSite","@id":"https:\/\/luadecoracion.es\/#website","url":"https:\/\/luadecoracion.es\/","name":"L\u00faa decoraci\u00f3n","description":"Productos de calidad para dar estilo y confort a tu hogar.","publisher":{"@id":"https:\/\/luadecoracion.es\/#organization"},"potentialAction":[{"@type":"SearchAction","target":{"@type":"EntryPoint","urlTemplate":"https:\/\/luadecoracion.es\/?s={search_term_string}"},"query-input":{"@type":"PropertyValueSpecification","valueRequired":true,"valueName":"search_term_string"}}],"inLanguage":"gl-ES"},{"@type":"Organization","@id":"https:\/\/luadecoracion.es\/#organization","name":"L\u00faa decoraci\u00f3n","url":"https:\/\/luadecoracion.es\/","logo":{"@type":"ImageObject","inLanguage":"gl-ES","@id":"https:\/\/luadecoracion.es\/#\/schema\/logo\/image\/","url":"http:\/\/luadecoracion.es\/wp-content\/uploads\/2024\/11\/lua_logo.png","contentUrl":"http:\/\/luadecoracion.es\/wp-content\/uploads\/2024\/11\/lua_logo.png","width":1000,"height":1000,"caption":"L\u00faa decoraci\u00f3n"},"image":{"@id":"https:\/\/luadecoracion.es\/#\/schema\/logo\/image\/"},"sameAs":["https:\/\/www.facebook.com\/profile.php?id=100063747350842&locale=es_ES"]}]}},"_links":{"self":[{"href":"https:\/\/luadecoracion.es\/gl\/wp-json\/wp\/v2\/pages\/1884","targetHints":{"allow":["GET"]}}],"collection":[{"href":"https:\/\/luadecoracion.es\/gl\/wp-json\/wp\/v2\/pages"}],"about":[{"href":"https:\/\/luadecoracion.es\/gl\/wp-json\/wp\/v2\/types\/page"}],"author":[{"embeddable":true,"href":"https:\/\/luadecoracion.es\/gl\/wp-json\/wp\/v2\/users\/1"}],"replies":[{"embeddable":true,"href":"https:\/\/luadecoracion.es\/gl\/wp-json\/wp\/v2\/comments?post=1884"}],"version-history":[{"count":126,"href":"https:\/\/luadecoracion.es\/gl\/wp-json\/wp\/v2\/pages\/1884\/revisions"}],"predecessor-version":[{"id":12559,"href":"https:\/\/luadecoracion.es\/gl\/wp-json\/wp\/v2\/pages\/1884\/revisions\/12559"}],"wp:attachment":[{"href":"https:\/\/luadecoracion.es\/gl\/wp-json\/wp\/v2\/media?parent=1884"}],"curies":[{"name":"wp","href":"https:\/\/api.w.org\/{rel}","templated":true}]}}