{"id":3,"date":"2024-11-13T20:32:43","date_gmt":"2024-11-13T20:32:43","guid":{"rendered":"http:\/\/luadecoracion.es\/?page_id=3"},"modified":"2025-01-18T15:33:14","modified_gmt":"2025-01-18T15:33:14","slug":"politica-privacidad","status":"publish","type":"page","link":"https:\/\/luadecoracion.es\/gl\/politica-privacidad\/","title":{"rendered":"Pol\u00edtica de privacidad"},"content":{"rendered":"<div data-elementor-type=\"wp-page\" data-elementor-id=\"3\" class=\"elementor elementor-3\">\n\t\t\t\t<div class=\"elementor-element elementor-element-5399cc2d e-flex e-con-boxed e-con e-parent\" data-id=\"5399cc2d\" data-element_type=\"container\">\n\t\t\t\t\t<div class=\"e-con-inner\">\n\t\t\t\t<div class=\"elementor-element elementor-element-27185e67 elementor-widget elementor-widget-text-editor\" data-id=\"27185e67\" data-element_type=\"widget\" data-widget_type=\"text-editor.default\">\n\t\t\t\t<div class=\"elementor-widget-container\">\n\t\t\t\t\t\t\t\t\t<div class=\"privacidad-container\"><h2>Qui\u00e9nes somos<\/h2><p><!-- \/wp:heading --><!-- wp:paragraph --><\/p><p>La direcci\u00f3n de nuestra web es: https:\/\/luadecoracion.es.<\/p><p><!-- \/wp:paragraph --><!-- wp:heading --><\/p><h2>Comentarios<\/h2><p><!-- \/wp:heading --><!-- wp:paragraph --><\/p><p>Cuando los visitantes dejan comentarios en la web, recopilamos los datos que se muestran en el formulario de comentarios, as\u00ed como la direcci\u00f3n IP del visitante y la cadena de agentes de usuario del navegador para ayudar a la detecci\u00f3n de spam.<\/p><p><!-- \/wp:paragraph --><!-- wp:paragraph --><\/p><p>Una cadena an\u00f3nima creada a partir de tu direcci\u00f3n de correo electr\u00f3nico (tambi\u00e9n llamada hash) puede ser proporcionada al servicio de Gravatar para ver si la est\u00e1s usando. La pol\u00edtica de privacidad del servicio Gravatar est\u00e1 disponible aqu\u00ed: https:\/\/automattic.com\/privacy\/. Despu\u00e9s de la aprobaci\u00f3n de tu comentario, la imagen de tu perfil es visible para el p\u00fablico en el contexto de tu comentario.<\/p><p><!-- \/wp:paragraph --><!-- wp:heading --><\/p><h2>Medios<\/h2><p><!-- \/wp:heading --><!-- wp:paragraph --><\/p><p>Si subes im\u00e1genes a la web, deber\u00edas evitar subir im\u00e1genes con datos de ubicaci\u00f3n (GPS EXIF) incluidos. Los visitantes de la web pueden descargar y extraer cualquier dato de ubicaci\u00f3n de las im\u00e1genes de la web.<\/p><p><!-- \/wp:paragraph --><!-- wp:heading --><\/p><h2>Cookies<\/h2><p><!-- \/wp:heading --><!-- wp:paragraph --><\/p><p>Si dejas un comentario en nuestro sitio puedes elegir guardar tu nombre, direcci\u00f3n de correo electr\u00f3nico y web en cookies. Esto es para tu comodidad, para que no tengas que volver a rellenar tus datos cuando dejes otro comentario. Estas cookies tendr\u00e1n una duraci\u00f3n de un a\u00f1o.<\/p><p><!-- \/wp:paragraph --><!-- wp:paragraph --><\/p><p>Si tienes una cuenta y te conectas a este sitio, instalaremos una cookie temporal para determinar si tu navegador acepta cookies. Esta cookie no contiene datos personales y se elimina al cerrar el navegador.<\/p><p><!-- \/wp:paragraph --><!-- wp:paragraph --><\/p><p>Cuando accedas, tambi\u00e9n instalaremos varias cookies para guardar tu informaci\u00f3n de acceso y tus opciones de visualizaci\u00f3n de pantalla. Las cookies de acceso duran dos d\u00edas, y las cookies de opciones de pantalla duran un a\u00f1o. Si seleccionas \u00abRecu\u00e9rdarme\u00bb, tu acceso perdurar\u00e1 durante dos semanas. Si sales de tu cuenta, las cookies de acceso se eliminar\u00e1n.<\/p><p><!-- \/wp:paragraph --><!-- wp:paragraph --><\/p><p>Si editas o publicas un art\u00edculo se guardar\u00e1 una cookie adicional en tu navegador. Esta cookie no incluye datos personales y simplemente indica el ID del art\u00edculo que acabas de editar. Caduca despu\u00e9s de 1 d\u00eda.<\/p><p><!-- \/wp:paragraph --><!-- wp:heading --><\/p><h2>Contenido incrustado de otros sitios web<\/h2><p><!-- \/wp:heading --><!-- wp:paragraph --><\/p><p>Los art\u00edculos de este sitio pueden incluir contenido incrustado (por ejemplo, v\u00eddeos, im\u00e1genes, art\u00edculos, etc.). El contenido incrustado de otras webs se comporta exactamente de la misma manera que si el visitante hubiera visitado la otra web.<\/p><p><!-- \/wp:paragraph --><!-- wp:paragraph --><\/p><p>Estas web pueden recopilar datos sobre ti, utilizar cookies, incrustar un seguimiento adicional de terceros, y supervisar tu interacci\u00f3n con ese contenido incrustado, incluido el seguimiento de tu interacci\u00f3n con el contenido incrustado si tienes una cuenta y est\u00e1s conectado a esa web.<\/p><p><!-- \/wp:paragraph --><!-- wp:heading --><\/p><h2>Con qui\u00e9n compartimos tus datos<\/h2><p><!-- \/wp:heading --><!-- wp:paragraph --><\/p><p>Si solicitas un restablecimiento de contrase\u00f1a, tu direcci\u00f3n IP ser\u00e1 incluida en el correo electr\u00f3nico de restablecimiento.<\/p><p><!-- \/wp:paragraph --><!-- wp:heading --><\/p><h2>Cu\u00e1nto tiempo conservamos tus datos<\/h2><p><!-- \/wp:heading --><!-- wp:paragraph --><\/p><p>Si dejas un comentario, el comentario y sus metadatos se conservan indefinidamente. Esto es para que podamos reconocer y aprobar comentarios sucesivos autom\u00e1ticamente, en lugar de mantenerlos en una cola de moderaci\u00f3n.<\/p><p><!-- \/wp:paragraph --><!-- wp:paragraph --><\/p><p>De los usuarios que se registran en nuestra web (si los hay), tambi\u00e9n almacenamos la informaci\u00f3n personal que proporcionan en su perfil de usuario. Todos los usuarios pueden ver, editar o eliminar su informaci\u00f3n personal en cualquier momento (excepto que no pueden cambiar su nombre de usuario). Los administradores de la web tambi\u00e9n pueden ver y editar esa informaci\u00f3n.<\/p><p><!-- \/wp:paragraph --><!-- wp:heading --><\/p><h2>Qu\u00e9 derechos tienes sobre tus datos<\/h2><p><!-- \/wp:heading --><!-- wp:paragraph --><\/p><p>Si tienes una cuenta o has dejado comentarios en esta web, puedes solicitar recibir un archivo de exportaci\u00f3n de los datos personales que tenemos sobre ti, incluyendo cualquier dato que nos hayas proporcionado. Tambi\u00e9n puedes solicitar que eliminemos cualquier dato personal que tengamos sobre ti. Esto no incluye ning\u00fan dato que estemos obligados a conservar con fines administrativos, legales o de seguridad.<\/p><p><!-- \/wp:paragraph --><!-- wp:heading --><\/p><h2>D\u00f3nde enviamos tus datos<\/h2><p><!-- \/wp:heading --><!-- wp:paragraph --><\/p><p><strong class=\"privacy-policy-tutorial\">Texto sugerido: <\/strong>Los comentarios de los visitantes puede que los revise un servicio de detecci\u00f3n autom\u00e1tica de spam.<\/p><p><!-- \/wp:paragraph --><\/p><\/div>\t\t\t\t\t\t\t\t<\/div>\n\t\t\t\t<\/div>\n\t\t\t\t\t<\/div>\n\t\t\t\t<\/div>\n\t\t<div class=\"elementor-element elementor-element-2d4650f e-flex e-con-boxed e-con e-parent\" data-id=\"2d4650f\" data-element_type=\"container\">\n\t\t\t\t\t<div class=\"e-con-inner\">\n\t\t\t\t<div class=\"elementor-element elementor-element-7aa286d elementor-widget-divider--view-line elementor-widget elementor-widget-divider\" data-id=\"7aa286d\" data-element_type=\"widget\" data-widget_type=\"divider.default\">\n\t\t\t\t<div class=\"elementor-widget-container\">\n\t\t\t\t\t\t\t<div class=\"elementor-divider\">\n\t\t\t<span class=\"elementor-divider-separator\">\n\t\t\t\t\t\t<\/span>\n\t\t<\/div>\n\t\t\t\t\t\t<\/div>\n\t\t\t\t<\/div>\n\t\t\t\t\t<\/div>\n\t\t\t\t<\/div>\n\t\t<div class=\"elementor-element elementor-element-81baef8 e-grid e-con-boxed e-con e-parent\" data-id=\"81baef8\" data-element_type=\"container\">\n\t\t\t\t\t<div class=\"e-con-inner\">\n\t\t\t\t<div class=\"elementor-element elementor-element-c04848e elementor-widget elementor-widget-image\" data-id=\"c04848e\" data-element_type=\"widget\" data-widget_type=\"image.default\">\n\t\t\t\t<div class=\"elementor-widget-container\">\n\t\t\t\t\t\t\t\t\t\t\t\t\t\t\t<img fetchpriority=\"high\" decoding=\"async\" width=\"1024\" height=\"249\" src=\"https:\/\/luadecoracion.es\/wp-content\/uploads\/2025\/01\/financiadoue-1024x249.png\" class=\"attachment-large size-large wp-image-12257\" alt=\"pol\u00edtica de privacidad financiado por la uni\u00f3n europea\" srcset=\"https:\/\/luadecoracion.es\/wp-content\/uploads\/2025\/01\/financiadoue-1024x249.png 1024w, https:\/\/luadecoracion.es\/wp-content\/uploads\/2025\/01\/financiadoue-300x73.png 300w, https:\/\/luadecoracion.es\/wp-content\/uploads\/2025\/01\/financiadoue-768x187.png 768w, https:\/\/luadecoracion.es\/wp-content\/uploads\/2025\/01\/financiadoue-1536x374.png 1536w, https:\/\/luadecoracion.es\/wp-content\/uploads\/2025\/01\/financiadoue-2048x498.png 2048w, https:\/\/luadecoracion.es\/wp-content\/uploads\/2025\/01\/financiadoue-18x4.png 18w\" sizes=\"(max-width: 1024px) 100vw, 1024px\" \/>\t\t\t\t\t\t\t\t\t\t\t\t\t\t\t<\/div>\n\t\t\t\t<\/div>\n\t\t\t\t<div class=\"elementor-element elementor-element-eabb1a3 elementor-widget elementor-widget-image\" data-id=\"eabb1a3\" data-element_type=\"widget\" data-widget_type=\"image.default\">\n\t\t\t\t<div class=\"elementor-widget-container\">\n\t\t\t\t\t\t\t\t\t\t\t\t\t\t\t<img decoding=\"async\" width=\"1024\" height=\"576\" src=\"https:\/\/luadecoracion.es\/wp-content\/uploads\/2025\/01\/plan_recuperacion-1024x576.png\" class=\"attachment-large size-large wp-image-12259\" alt=\"\" srcset=\"https:\/\/luadecoracion.es\/wp-content\/uploads\/2025\/01\/plan_recuperacion-1024x576.png 1024w, https:\/\/luadecoracion.es\/wp-content\/uploads\/2025\/01\/plan_recuperacion-300x169.png 300w, https:\/\/luadecoracion.es\/wp-content\/uploads\/2025\/01\/plan_recuperacion-768x432.png 768w, https:\/\/luadecoracion.es\/wp-content\/uploads\/2025\/01\/plan_recuperacion-1536x864.png 1536w, https:\/\/luadecoracion.es\/wp-content\/uploads\/2025\/01\/plan_recuperacion-18x10.png 18w, https:\/\/luadecoracion.es\/wp-content\/uploads\/2025\/01\/plan_recuperacion.png 1920w\" sizes=\"(max-width: 1024px) 100vw, 1024px\" \/>\t\t\t\t\t\t\t\t\t\t\t\t\t\t\t<\/div>\n\t\t\t\t<\/div>\n\t\t\t\t\t<\/div>\n\t\t\t\t<\/div>\n\t\t\t\t<\/div>","protected":false},"excerpt":{"rendered":"<p>Qui\u00e9nes somos La direcci\u00f3n de nuestra web es: https:\/\/luadecoracion.es. Comentarios Cuando los visitantes dejan comentarios en la web, recopilamos los datos que se muestran en el formulario de comentarios, as\u00ed como la direcci\u00f3n IP del visitante y la cadena de agentes de usuario del navegador para ayudar a la detecci\u00f3n de spam. Una cadena an\u00f3nima [&hellip;]<\/p>","protected":false},"author":1,"featured_media":0,"parent":0,"menu_order":0,"comment_status":"closed","ping_status":"open","template":"","meta":{"footnotes":""},"class_list":["post-3","page","type-page","status-publish","hentry"],"yoast_head":"<!-- This site is optimized with the Yoast SEO plugin v24.3 - https:\/\/yoast.com\/wordpress\/plugins\/seo\/ -->\n<title>Pol\u00edtica de privacidad - L\u00faa decoraci\u00f3n<\/title>\n<meta name=\"description\" content=\"Lee nuestra pol\u00edtica de privacidad para entender c\u00f3mo recopilamos, utilizamos y protegemos tu informaci\u00f3n personal\" \/>\n<meta name=\"robots\" content=\"index, follow, max-snippet:-1, max-image-preview:large, max-video-preview:-1\" \/>\n<link rel=\"canonical\" href=\"https:\/\/luadecoracion.es\/gl\/politica-privacidad\/\" \/>\n<meta property=\"og:locale\" content=\"gl_ES\" \/>\n<meta property=\"og:type\" content=\"article\" \/>\n<meta property=\"og:title\" content=\"Pol\u00edtica de privacidad - L\u00faa decoraci\u00f3n\" \/>\n<meta property=\"og:description\" content=\"Lee nuestra pol\u00edtica de privacidad para entender c\u00f3mo recopilamos, utilizamos y protegemos tu informaci\u00f3n personal\" \/>\n<meta property=\"og:url\" content=\"https:\/\/luadecoracion.es\/gl\/politica-privacidad\/\" \/>\n<meta property=\"og:site_name\" content=\"L\u00faa decoraci\u00f3n\" \/>\n<meta property=\"article:publisher\" content=\"https:\/\/www.facebook.com\/profile.php?id=100063747350842&amp;locale=es_ES\" \/>\n<meta property=\"article:modified_time\" content=\"2025-01-18T15:33:14+00:00\" \/>\n<meta property=\"og:image\" content=\"https:\/\/luadecoracion.es\/wp-content\/uploads\/2025\/01\/financiadoue.png\" \/>\n\t<meta property=\"og:image:width\" content=\"3781\" \/>\n\t<meta property=\"og:image:height\" content=\"920\" \/>\n\t<meta property=\"og:image:type\" content=\"image\/png\" \/>\n<meta name=\"twitter:card\" content=\"summary_large_image\" \/>\n<meta name=\"twitter:label1\" content=\"Tempo de lectura\" \/>\n\t<meta name=\"twitter:data1\" content=\"4 minutos\" \/>\n<script type=\"application\/ld+json\" class=\"yoast-schema-graph\">{\"@context\":\"https:\/\/schema.org\",\"@graph\":[{\"@type\":\"WebPage\",\"@id\":\"https:\/\/luadecoracion.es\/politica-privacidad\/\",\"url\":\"https:\/\/luadecoracion.es\/politica-privacidad\/\",\"name\":\"Pol\u00edtica de privacidad - L\u00faa decoraci\u00f3n\",\"isPartOf\":{\"@id\":\"https:\/\/luadecoracion.es\/#website\"},\"primaryImageOfPage\":{\"@id\":\"https:\/\/luadecoracion.es\/politica-privacidad\/#primaryimage\"},\"image\":{\"@id\":\"https:\/\/luadecoracion.es\/politica-privacidad\/#primaryimage\"},\"thumbnailUrl\":\"https:\/\/luadecoracion.es\/wp-content\/uploads\/2025\/01\/financiadoue-1024x249.png\",\"datePublished\":\"2024-11-13T20:32:43+00:00\",\"dateModified\":\"2025-01-18T15:33:14+00:00\",\"description\":\"Lee nuestra pol\u00edtica de privacidad para entender c\u00f3mo recopilamos, utilizamos y protegemos tu informaci\u00f3n personal\",\"breadcrumb\":{\"@id\":\"https:\/\/luadecoracion.es\/politica-privacidad\/#breadcrumb\"},\"inLanguage\":\"gl-ES\",\"potentialAction\":[{\"@type\":\"ReadAction\",\"target\":[\"https:\/\/luadecoracion.es\/politica-privacidad\/\"]}]},{\"@type\":\"ImageObject\",\"inLanguage\":\"gl-ES\",\"@id\":\"https:\/\/luadecoracion.es\/politica-privacidad\/#primaryimage\",\"url\":\"https:\/\/luadecoracion.es\/wp-content\/uploads\/2025\/01\/financiadoue-1024x249.png\",\"contentUrl\":\"https:\/\/luadecoracion.es\/wp-content\/uploads\/2025\/01\/financiadoue-1024x249.png\"},{\"@type\":\"BreadcrumbList\",\"@id\":\"https:\/\/luadecoracion.es\/politica-privacidad\/#breadcrumb\",\"itemListElement\":[{\"@type\":\"ListItem\",\"position\":1,\"name\":\"Portada\",\"item\":\"https:\/\/luadecoracion.es\/\"},{\"@type\":\"ListItem\",\"position\":2,\"name\":\"Pol\u00edtica de privacidad\"}]},{\"@type\":\"WebSite\",\"@id\":\"https:\/\/luadecoracion.es\/#website\",\"url\":\"https:\/\/luadecoracion.es\/\",\"name\":\"L\u00faa decoraci\u00f3n\",\"description\":\"Productos de calidad para dar estilo y confort a tu hogar.\",\"publisher\":{\"@id\":\"https:\/\/luadecoracion.es\/#organization\"},\"potentialAction\":[{\"@type\":\"SearchAction\",\"target\":{\"@type\":\"EntryPoint\",\"urlTemplate\":\"https:\/\/luadecoracion.es\/?s={search_term_string}\"},\"query-input\":{\"@type\":\"PropertyValueSpecification\",\"valueRequired\":true,\"valueName\":\"search_term_string\"}}],\"inLanguage\":\"gl-ES\"},{\"@type\":\"Organization\",\"@id\":\"https:\/\/luadecoracion.es\/#organization\",\"name\":\"L\u00faa decoraci\u00f3n\",\"url\":\"https:\/\/luadecoracion.es\/\",\"logo\":{\"@type\":\"ImageObject\",\"inLanguage\":\"gl-ES\",\"@id\":\"https:\/\/luadecoracion.es\/#\/schema\/logo\/image\/\",\"url\":\"http:\/\/luadecoracion.es\/wp-content\/uploads\/2024\/11\/lua_logo.png\",\"contentUrl\":\"http:\/\/luadecoracion.es\/wp-content\/uploads\/2024\/11\/lua_logo.png\",\"width\":1000,\"height\":1000,\"caption\":\"L\u00faa decoraci\u00f3n\"},\"image\":{\"@id\":\"https:\/\/luadecoracion.es\/#\/schema\/logo\/image\/\"},\"sameAs\":[\"https:\/\/www.facebook.com\/profile.php?id=100063747350842&locale=es_ES\"]}]}<\/script>\n<!-- \/ Yoast SEO plugin. -->","yoast_head_json":{"title":"Pol\u00edtica de privacidad - L\u00faa decoraci\u00f3n","description":"Lee nuestra pol\u00edtica de privacidad para entender c\u00f3mo recopilamos, utilizamos y protegemos tu informaci\u00f3n personal","robots":{"index":"index","follow":"follow","max-snippet":"max-snippet:-1","max-image-preview":"max-image-preview:large","max-video-preview":"max-video-preview:-1"},"canonical":"https:\/\/luadecoracion.es\/gl\/politica-privacidad\/","og_locale":"gl_ES","og_type":"article","og_title":"Pol\u00edtica de privacidad - L\u00faa decoraci\u00f3n","og_description":"Lee nuestra pol\u00edtica de privacidad para entender c\u00f3mo recopilamos, utilizamos y protegemos tu informaci\u00f3n personal","og_url":"https:\/\/luadecoracion.es\/gl\/politica-privacidad\/","og_site_name":"L\u00faa decoraci\u00f3n","article_publisher":"https:\/\/www.facebook.com\/profile.php?id=100063747350842&locale=es_ES","article_modified_time":"2025-01-18T15:33:14+00:00","og_image":[{"width":3781,"height":920,"url":"https:\/\/luadecoracion.es\/wp-content\/uploads\/2025\/01\/financiadoue.png","type":"image\/png"}],"twitter_card":"summary_large_image","twitter_misc":{"Tempo de lectura":"4 minutos"},"schema":{"@context":"https:\/\/schema.org","@graph":[{"@type":"WebPage","@id":"https:\/\/luadecoracion.es\/politica-privacidad\/","url":"https:\/\/luadecoracion.es\/politica-privacidad\/","name":"Pol\u00edtica de privacidad - L\u00faa decoraci\u00f3n","isPartOf":{"@id":"https:\/\/luadecoracion.es\/#website"},"primaryImageOfPage":{"@id":"https:\/\/luadecoracion.es\/politica-privacidad\/#primaryimage"},"image":{"@id":"https:\/\/luadecoracion.es\/politica-privacidad\/#primaryimage"},"thumbnailUrl":"https:\/\/luadecoracion.es\/wp-content\/uploads\/2025\/01\/financiadoue-1024x249.png","datePublished":"2024-11-13T20:32:43+00:00","dateModified":"2025-01-18T15:33:14+00:00","description":"Lee nuestra pol\u00edtica de privacidad para entender c\u00f3mo recopilamos, utilizamos y protegemos tu informaci\u00f3n personal","breadcrumb":{"@id":"https:\/\/luadecoracion.es\/politica-privacidad\/#breadcrumb"},"inLanguage":"gl-ES","potentialAction":[{"@type":"ReadAction","target":["https:\/\/luadecoracion.es\/politica-privacidad\/"]}]},{"@type":"ImageObject","inLanguage":"gl-ES","@id":"https:\/\/luadecoracion.es\/politica-privacidad\/#primaryimage","url":"https:\/\/luadecoracion.es\/wp-content\/uploads\/2025\/01\/financiadoue-1024x249.png","contentUrl":"https:\/\/luadecoracion.es\/wp-content\/uploads\/2025\/01\/financiadoue-1024x249.png"},{"@type":"BreadcrumbList","@id":"https:\/\/luadecoracion.es\/politica-privacidad\/#breadcrumb","itemListElement":[{"@type":"ListItem","position":1,"name":"Portada","item":"https:\/\/luadecoracion.es\/"},{"@type":"ListItem","position":2,"name":"Pol\u00edtica de privacidad"}]},{"@type":"WebSite","@id":"https:\/\/luadecoracion.es\/#website","url":"https:\/\/luadecoracion.es\/","name":"L\u00faa decoraci\u00f3n","description":"Productos de calidad para dar estilo y confort a tu hogar.","publisher":{"@id":"https:\/\/luadecoracion.es\/#organization"},"potentialAction":[{"@type":"SearchAction","target":{"@type":"EntryPoint","urlTemplate":"https:\/\/luadecoracion.es\/?s={search_term_string}"},"query-input":{"@type":"PropertyValueSpecification","valueRequired":true,"valueName":"search_term_string"}}],"inLanguage":"gl-ES"},{"@type":"Organization","@id":"https:\/\/luadecoracion.es\/#organization","name":"L\u00faa decoraci\u00f3n","url":"https:\/\/luadecoracion.es\/","logo":{"@type":"ImageObject","inLanguage":"gl-ES","@id":"https:\/\/luadecoracion.es\/#\/schema\/logo\/image\/","url":"http:\/\/luadecoracion.es\/wp-content\/uploads\/2024\/11\/lua_logo.png","contentUrl":"http:\/\/luadecoracion.es\/wp-content\/uploads\/2024\/11\/lua_logo.png","width":1000,"height":1000,"caption":"L\u00faa decoraci\u00f3n"},"image":{"@id":"https:\/\/luadecoracion.es\/#\/schema\/logo\/image\/"},"sameAs":["https:\/\/www.facebook.com\/profile.php?id=100063747350842&locale=es_ES"]}]}},"_links":{"self":[{"href":"https:\/\/luadecoracion.es\/gl\/wp-json\/wp\/v2\/pages\/3","targetHints":{"allow":["GET"]}}],"collection":[{"href":"https:\/\/luadecoracion.es\/gl\/wp-json\/wp\/v2\/pages"}],"about":[{"href":"https:\/\/luadecoracion.es\/gl\/wp-json\/wp\/v2\/types\/page"}],"author":[{"embeddable":true,"href":"https:\/\/luadecoracion.es\/gl\/wp-json\/wp\/v2\/users\/1"}],"replies":[{"embeddable":true,"href":"https:\/\/luadecoracion.es\/gl\/wp-json\/wp\/v2\/comments?post=3"}],"version-history":[{"count":44,"href":"https:\/\/luadecoracion.es\/gl\/wp-json\/wp\/v2\/pages\/3\/revisions"}],"predecessor-version":[{"id":12511,"href":"https:\/\/luadecoracion.es\/gl\/wp-json\/wp\/v2\/pages\/3\/revisions\/12511"}],"wp:attachment":[{"href":"https:\/\/luadecoracion.es\/gl\/wp-json\/wp\/v2\/media?parent=3"}],"curies":[{"name":"wp","href":"https:\/\/api.w.org\/{rel}","templated":true}]}}