{"id":415,"date":"2020-06-10T18:03:45","date_gmt":"2020-06-10T18:03:45","guid":{"rendered":"http:\/\/localhost\/context\/?page_id=415"},"modified":"2025-01-18T15:46:55","modified_gmt":"2025-01-18T15:46:55","slug":"contacto","status":"publish","type":"page","link":"https:\/\/luadecoracion.es\/gl\/contacto\/","title":{"rendered":"Contacto"},"content":{"rendered":"<div data-elementor-type=\"wp-page\" data-elementor-id=\"415\" class=\"elementor elementor-415\">\n\t\t\t\t\t\t<section class=\"elementor-section elementor-top-section elementor-element elementor-element-6c6e604 elementor-section-boxed elementor-section-height-default elementor-section-height-default\" data-id=\"6c6e604\" data-element_type=\"section\">\n\t\t\t\t\t\t<div class=\"elementor-container elementor-column-gap-default\">\n\t\t\t\t\t<div class=\"elementor-column elementor-col-100 elementor-top-column elementor-element elementor-element-cc85fc3\" data-id=\"cc85fc3\" data-element_type=\"column\">\n\t\t\t<div class=\"elementor-widget-wrap elementor-element-populated\">\n\t\t\t\t\t\t<div class=\"elementor-element elementor-element-f21405e elementor-widget__width-initial elementor-widget-tablet__width-initial elementor-widget-mobile__width-initial elementor-widget elementor-widget-witr_section_service\" data-id=\"f21405e\" data-element_type=\"widget\" data-widget_type=\"witr_section_service.default\">\n\t\t\t\t<div class=\"elementor-widget-container\">\n\t\t\t\t\t\t\t\n\t\t\t<div class=\"service-item all_color_service  text-center\">\n\t\t\t\t<div class=\"service_top_image\">\n\t\t\t\t\t<!-- image -->\n\t\t\t\t\t\t\t\t\n\t\t\t\t<\/div>\n\t\t\t\t<div class=\"text_box all_icon_color\">\n\t\t\t\t\t<!-- icon -->\n\t\t\t\t\t\t\t\t\t\t<!-- custom icon -->\n\t\t\t\t\t\t\t\t\t\n\t\t\t\t\t<!-- image -->\n\t\t\t\t\t\t\n\t\t\t\t\t<!-- title -->\n\t\t\t\t\t\t\t\t\t\t\t\t\t\t\t<h3>Direcci\u00f3n\n <\/h3>\n\t\t\t\t\t\t\t\t\t\t\t\t\t\t\t<!-- content -->\n\t\t\t\t\t\t\t\t\t\t\t<p>Varela Silvari, 37, Bajo, A Coru\u00f1a <\/p>\t\t\n\t\t\t\t\t\t\t\t\t\t<!-- button -->\n\t\t\t\t\t\t\t\t\t\n\t\t\t\t<\/div> <!-- text_box -->\t\t\t\t\t\t\t\n\t\t\t<\/div> <!-- service item -->\t\t\t\t\t\t\t\n \t\t\t\t\t\t<\/div>\n\t\t\t\t<\/div>\n\t\t\t\t<div class=\"elementor-element elementor-element-de52851 elementor-widget__width-initial elementor-widget-tablet__width-initial elementor-widget-mobile__width-initial elementor-widget elementor-widget-witr_section_service\" data-id=\"de52851\" data-element_type=\"widget\" data-widget_type=\"witr_section_service.default\">\n\t\t\t\t<div class=\"elementor-widget-container\">\n\t\t\t\t\t\t\t\n\t\t\t<div class=\"service-item all_color_service  text-center\">\n\t\t\t\t<div class=\"service_top_image\">\n\t\t\t\t\t<!-- image -->\n\t\t\t\t\t\t\t\t\n\t\t\t\t<\/div>\n\t\t\t\t<div class=\"text_box all_icon_color\">\n\t\t\t\t\t<!-- icon -->\n\t\t\t\t\t\t\t\t\t\t<!-- custom icon -->\n\t\t\t\t\t\t\t\t\t\n\t\t\t\t\t<!-- image -->\n\t\t\t\t\t\t\n\t\t\t\t\t<!-- title -->\n\t\t\t\t\t\t\t\t\t\t\t\t\t\t\t<h3>Correo electr\u00f3nico\n <\/h3>\n\t\t\t\t\t\t\t\t\t\t\t\t\t\t\t<!-- content -->\n\t\t\t\t\t\t\t\t\t\t\t<p>luadecoracion@gmail.com <\/p>\t\t\n\t\t\t\t\t\t\t\t\t\t<!-- button -->\n\t\t\t\t\t\t\t\t\t\n\t\t\t\t<\/div> <!-- text_box -->\t\t\t\t\t\t\t\n\t\t\t<\/div> <!-- service item -->\t\t\t\t\t\t\t\n \t\t\t\t\t\t<\/div>\n\t\t\t\t<\/div>\n\t\t\t\t<div class=\"elementor-element elementor-element-a3bbf62 elementor-widget__width-initial elementor-widget-tablet__width-initial elementor-widget-mobile__width-initial elementor-widget elementor-widget-witr_section_service\" data-id=\"a3bbf62\" data-element_type=\"widget\" data-widget_type=\"witr_section_service.default\">\n\t\t\t\t<div class=\"elementor-widget-container\">\n\t\t\t\t\t\t\t\n\t\t\t<div class=\"service-item all_color_service  text-center\">\n\t\t\t\t<div class=\"service_top_image\">\n\t\t\t\t\t<!-- image -->\n\t\t\t\t\t\t\t\t\n\t\t\t\t<\/div>\n\t\t\t\t<div class=\"text_box all_icon_color\">\n\t\t\t\t\t<!-- icon -->\n\t\t\t\t\t\t\t\t\t\t<!-- custom icon -->\n\t\t\t\t\t\t\t\t\t\n\t\t\t\t\t<!-- image -->\n\t\t\t\t\t\t\n\t\t\t\t\t<!-- title -->\n\t\t\t\t\t\t\t\t\t\t\t\t\t\t\t<h3>\nTel\u00e9fono <\/h3>\n\t\t\t\t\t\t\t\t\t\t\t\t\t\t\t<!-- content -->\n\t\t\t\t\t\t\t\t\t\t\t<p><span style=\"display:none\">contacto <\/span> (+34) 981 22 53 89\n <\/p>\t\t\n\t\t\t\t\t\t\t\t\t\t<!-- button -->\n\t\t\t\t\t\t\t\t\t\n\t\t\t\t<\/div> <!-- text_box -->\t\t\t\t\t\t\t\n\t\t\t<\/div> <!-- service item -->\t\t\t\t\t\t\t\n \t\t\t\t\t\t<\/div>\n\t\t\t\t<\/div>\n\t\t\t\t\t<\/div>\n\t\t<\/div>\n\t\t\t\t\t<\/div>\n\t\t<\/section>\n\t\t<div class=\"elementor-element elementor-element-6473c19 e-flex e-con-boxed e-con e-parent\" data-id=\"6473c19\" data-element_type=\"container\">\n\t\t\t\t\t<div class=\"e-con-inner\">\n\t\t\t\t<div class=\"elementor-element elementor-element-68d0255 elementor-widget elementor-widget-text-editor\" data-id=\"68d0255\" data-element_type=\"widget\" data-widget_type=\"text-editor.default\">\n\t\t\t\t<div class=\"elementor-widget-container\">\n\t\t\t\t\t\t\t\t\t<h2>S\u00edguenos nas nosas redes sociais, temos novidades que ofrecerche<\/h2>\t\t\t\t\t\t\t\t<\/div>\n\t\t\t\t<\/div>\n\t\t\t\t\t<\/div>\n\t\t\t\t<\/div>\n\t\t<div class=\"elementor-element elementor-element-4bc07f4 e-flex e-con-boxed e-con e-parent\" data-id=\"4bc07f4\" data-element_type=\"container\">\n\t\t\t\t\t<div class=\"e-con-inner\">\n\t\t\t\t<div class=\"elementor-element elementor-element-7cddc48 elementor-widget elementor-widget-html\" data-id=\"7cddc48\" data-element_type=\"widget\" data-widget_type=\"html.default\">\n\t\t\t\t<div class=\"elementor-widget-container\">\n\t\t\t\t\t<p style=\"text-align:center\">\"Consulte o cat\u00e1logo de produtos co que traballamos, para iso pode visitar a <a style=\"text-decoration:underline\" href=\"\/gl\/home\/\">P\u00e1xina de inicio\"<\/a><\/p>\t\t\t\t<\/div>\n\t\t\t\t<\/div>\n\t\t\t\t\t<\/div>\n\t\t\t\t<\/div>\n\t\t<div class=\"elementor-element elementor-element-b80fc61 e-flex e-con-boxed e-con e-parent\" data-id=\"b80fc61\" data-element_type=\"container\">\n\t\t\t\t\t<div class=\"e-con-inner\">\n\t\t\t\t<div class=\"elementor-element elementor-element-6d1c8ad elementor-widget elementor-widget-text-editor\" data-id=\"6d1c8ad\" data-element_type=\"widget\" data-widget_type=\"text-editor.default\">\n\t\t\t\t<div class=\"elementor-widget-container\">\n\t\t\t\t\t\t\t\t\t<p><a class=\"btn btn-primary\" style=\"border-radius: 3px;\" href=\"https:\/\/www.facebook.com\/profile.php?id=100063747350842&amp;locale=es_ES\"> <i class=\"fab fa-facebook-f\"><\/i> Ir a Facebook <\/a><\/p>\t\t\t\t\t\t\t\t<\/div>\n\t\t\t\t<\/div>\n\t\t\t\t\t<\/div>\n\t\t\t\t<\/div>\n\t\t\t\t<section class=\"elementor-section elementor-top-section elementor-element elementor-element-b934bd1 elementor-section-boxed elementor-section-height-default elementor-section-height-default\" data-id=\"b934bd1\" data-element_type=\"section\" data-settings=\"{&quot;background_background&quot;:&quot;classic&quot;}\">\n\t\t\t\t\t\t<div class=\"elementor-container elementor-column-gap-default\">\n\t\t\t\t\t<div class=\"elementor-column elementor-col-100 elementor-top-column elementor-element elementor-element-ee3b31f\" data-id=\"ee3b31f\" data-element_type=\"column\">\n\t\t\t<div class=\"elementor-widget-wrap elementor-element-populated\">\n\t\t\t\t\t\t<div class=\"elementor-element elementor-element-23b924e themex-star-rating--align-center elementor-widget elementor-widget-witr_section_apartment\" data-id=\"23b924e\" data-element_type=\"widget\" data-widget_type=\"witr_section_apartment.default\">\n\t\t\t\t<div class=\"elementor-widget-container\">\n\t\t\t\t\t\n\t\t\t\t\t<div class=\"apartment_area\">\t\t\t\t\n\t\t\t\t\t\t<div class=\"apartment_text\">\t\t\n\t\t\t\t\t\t\t<!-- title -->\n\t\t\t\t\t\t\t\t\t\n\t\t\t\t\t\t\t<!-- content -->\n\t\t\t\t\t\t\t\t\t\t\t\t\t\t\t<h2><span class=\"form-title\">Cont\u00e1ctanos ou solicita presuposto<span> <\/h2>\t\t\n\t\t\t\t\t\t\t\t\t\t\t\t\t\t\n\t\t\t\t\t\t<\/div>\t\t\n\t\t\t\t\t\t<div class=\"witr_apartment_form\">\t\t\t\t\t\n\t\t\t\t\t\t\n<div class=\"wpcf7 no-js\" id=\"wpcf7-f235-o1\" lang=\"en-US\" dir=\"ltr\" data-wpcf7-id=\"235\">\n<div class=\"screen-reader-response\"><p role=\"status\" aria-live=\"polite\" aria-atomic=\"true\"><\/p> <ul><\/ul><\/div>\n<form action=\"\/gl\/wp-json\/wp\/v2\/pages\/415#wpcf7-f235-o1\" method=\"post\" class=\"wpcf7-form init\" aria-label=\"Contact form\" novalidate=\"novalidate\" data-status=\"init\" data-trp-original-action=\"\/gl\/wp-json\/wp\/v2\/pages\/415#wpcf7-f235-o1\">\n<div style=\"display: none;\">\n<input type=\"hidden\" name=\"_wpcf7\" value=\"235\" \/>\n<input type=\"hidden\" name=\"_wpcf7_version\" value=\"6.0.3\" \/>\n<input type=\"hidden\" name=\"_wpcf7_locale\" value=\"en_US\" \/>\n<input type=\"hidden\" name=\"_wpcf7_unit_tag\" value=\"wpcf7-f235-o1\" \/>\n<input type=\"hidden\" name=\"_wpcf7_container_post\" value=\"0\" \/>\n<input type=\"hidden\" name=\"_wpcf7_posted_data_hash\" value=\"\" \/>\n<\/div>\n<div class=\"row p-5\">\n\t<div class=\"col-lg-12 col-md-12\">\n\t\t<div class=\"twr_form_box\">\n\t\t\t<p><span class=\"wpcf7-form-control-wrap\" data-name=\"text-30\"><input size=\"40\" maxlength=\"400\" class=\"wpcf7-form-control wpcf7-text wpcf7-validates-as-required form-control\" aria-required=\"true\" aria-invalid=\"false\" placeholder=\"Nome\" value=\"\" type=\"text\" name=\"text-30\" \/><\/span>\n\t\t\t<\/p>\n\t\t<\/div>\n\t<\/div>\n\t<div class=\"col-lg-12 col-md-12\">\n\t\t<div class=\"twr_form_box\">\n\t\t\t<p><span class=\"wpcf7-form-control-wrap\" data-name=\"number-19\"><input class=\"wpcf7-form-control wpcf7-number wpcf7-validates-as-required wpcf7-validates-as-number form-control\" aria-required=\"true\" aria-invalid=\"false\" placeholder=\"Tel\u00e9fono*\" value=\"\" type=\"number\" name=\"number-19\" \/><\/span>\n\t\t\t<\/p>\n\t\t<\/div>\n\t<\/div>\n\t<div class=\"col-lg-12 col-md-12\">\n\t\t<div class=\"twr_form_box\">\n\t\t\t<p><span class=\"wpcf7-form-control-wrap\" data-name=\"email-380\"><input size=\"40\" maxlength=\"400\" class=\"wpcf7-form-control wpcf7-email wpcf7-validates-as-required wpcf7-text wpcf7-validates-as-email form-control\" aria-required=\"true\" aria-invalid=\"false\" placeholder=\"Direcci\u00f3n de Correo*\" value=\"\" type=\"email\" name=\"email-380\" \/><\/span>\n\t\t\t<\/p>\n\t\t<\/div>\n\t<\/div>\n\t<div class=\"col-lg-12 col-md-12\">\n\t\t<div class=\"twr_form_box\">\n\t\t\t<p><span class=\"wpcf7-form-control-wrap\" data-name=\"text-30\"><input size=\"40\" maxlength=\"400\" class=\"wpcf7-form-control wpcf7-text wpcf7-validates-as-required form-control\" aria-required=\"true\" aria-invalid=\"false\" placeholder=\"Motivo de Contacto*\" value=\"\" type=\"text\" name=\"text-30\" \/><\/span>\n\t\t\t<\/p>\n\t\t<\/div>\n\t<\/div>\n\t<div class=\"col-lg-12 col-md-12\">\n\t\t<div class=\"twr_form_box\">\n\t\t\t<p><span class=\"wpcf7-form-control-wrap\" data-name=\"textarea\"><textarea cols=\"40\" rows=\"6\" maxlength=\"2000\" class=\"wpcf7-form-control wpcf7-textarea wpcf7-validates-as-required form-control\" aria-required=\"true\" aria-invalid=\"false\" placeholder=\"Mensaxe\" name=\"textarea\"><\/textarea><\/span>\n\t\t\t<\/p>\n\t\t<\/div>\n\t\t<p><button type=\"submit\" class=\"btn btn-primary\">Enviar mensaxe<\/button>\n\t\t<\/p>\n\t<\/div>\n<\/div><p style=\"display: none !important;\" class=\"akismet-fields-container\" data-prefix=\"_wpcf7_ak_\"><label>&#916;<textarea name=\"_wpcf7_ak_hp_textarea\" cols=\"45\" rows=\"8\" maxlength=\"100\"><\/textarea><\/label><input type=\"hidden\" id=\"ak_js_1\" name=\"_wpcf7_ak_js\" value=\"93\"\/><script>document.getElementById( \"ak_js_1\" ).setAttribute( \"value\", ( new Date() ).getTime() );<\/script><\/p><div class=\"wpcf7-response-output\" aria-hidden=\"true\"><\/div>\n<input type=\"hidden\" name=\"trp-form-language\" value=\"gl\"\/><\/form>\n<\/div>\n\t\t\t\t\t\t\t\t\n\t\t\t\t\t\t<\/div>\n\t\t\t\t\t<\/div>\t\t\t\t\t\n\t\t\n\t\t\t\t\t\t<\/div>\n\t\t\t\t<\/div>\n\t\t\t\t\t<\/div>\n\t\t<\/div>\n\t\t\t\t\t<\/div>\n\t\t<\/section>\n\t\t<div class=\"elementor-element elementor-element-b13f2a3 e-flex e-con-boxed e-con e-parent\" data-id=\"b13f2a3\" data-element_type=\"container\">\n\t\t\t\t\t<div class=\"e-con-inner\">\n\t\t\t\t<div class=\"elementor-element elementor-element-b4f95e1 elementor-widget elementor-widget-html\" data-id=\"b4f95e1\" data-element_type=\"widget\" data-widget_type=\"html.default\">\n\t\t\t\t<div class=\"elementor-widget-container\">\n\t\t\t\t\t<h2>Estamos en Varela Silvari, 37 Bajo - A Coru\u00f1a (A Coru\u00f1a). Consulte ubicaci\u00f3n.\n<\/h2>\t\t\t\t<\/div>\n\t\t\t\t<\/div>\n\t\t\t\t\t<\/div>\n\t\t\t\t<\/div>\n\t\t<div class=\"elementor-element elementor-element-9cb406c e-con-full e-flex e-con e-parent\" data-id=\"9cb406c\" data-element_type=\"container\">\n\t\t\t\t<div class=\"elementor-element elementor-element-67aae66 elementor-widget__width-initial elementor-widget elementor-widget-text-editor\" data-id=\"67aae66\" data-element_type=\"widget\" data-widget_type=\"text-editor.default\">\n\t\t\t\t<div class=\"elementor-widget-container\">\n\t\t\t\t\t\t\t\t\t<iframe style=\"border: 0;\" src=\"https:\/\/www.google.com\/maps\/embed?pb=!1m18!1m12!1m3!1d2900.159000772383!2d-8.402346247793167!3d43.37369932994647!2m3!1f0!2f0!3f0!3m2!1i1024!2i768!4f13.1!3m3!1m2!1s0xd2e7c78b9cc81a3%3A0xccaa0fae5064f8d0!2zTMO6YSBkZWNvcmFjacOzbg!5e0!3m2!1ses!2ses!4v1731840556026!5m2!1ses!2ses\" width=\"100%\" height=\"500px\" allowfullscreen=\"allowfullscreen\"><span data-mce-type=\"bookmark\" style=\"display: inline-block; width: 0px; overflow: hidden; line-height: 0;\" class=\"mce_SELRES_start\"><\/span><\/iframe>\t\t\t\t\t\t\t\t<\/div>\n\t\t\t\t<\/div>\n\t\t\t\t<\/div>\n\t\t<div class=\"elementor-element elementor-element-234fef2 e-con-full e-flex e-con e-parent\" data-id=\"234fef2\" data-element_type=\"container\">\n\t\t\t\t<div class=\"elementor-element elementor-element-640b8e2 elementor-widget elementor-widget-image\" data-id=\"640b8e2\" data-element_type=\"widget\" data-widget_type=\"image.default\">\n\t\t\t\t<div class=\"elementor-widget-container\">\n\t\t\t\t\t\t\t\t\t\t\t\t\t\t\t<img fetchpriority=\"high\" decoding=\"async\" width=\"1024\" height=\"762\" src=\"https:\/\/luadecoracion.es\/wp-content\/uploads\/2024\/11\/lua_portada.jpg\" class=\"attachment-large size-large wp-image-9914\" alt=\"imagen de la tienda f\u00edsica\" srcset=\"https:\/\/luadecoracion.es\/wp-content\/uploads\/2024\/11\/lua_portada.jpg 1024w, https:\/\/luadecoracion.es\/wp-content\/uploads\/2024\/11\/lua_portada-300x223.jpg 300w, https:\/\/luadecoracion.es\/wp-content\/uploads\/2024\/11\/lua_portada-768x572.jpg 768w\" sizes=\"(max-width: 1024px) 100vw, 1024px\" \/>\t\t\t\t\t\t\t\t\t\t\t\t\t\t\t<\/div>\n\t\t\t\t<\/div>\n\t\t\t\t<\/div>\n\t\t<div class=\"elementor-element elementor-element-783bb0b e-grid e-con-boxed e-con e-parent\" data-id=\"783bb0b\" data-element_type=\"container\">\n\t\t\t\t\t<div class=\"e-con-inner\">\n\t\t\t\t<div class=\"elementor-element elementor-element-7b63ac4 elementor-widget elementor-widget-image\" data-id=\"7b63ac4\" data-element_type=\"widget\" data-widget_type=\"image.default\">\n\t\t\t\t<div class=\"elementor-widget-container\">\n\t\t\t\t\t\t\t\t\t\t\t\t\t\t\t<img decoding=\"async\" width=\"1024\" height=\"249\" src=\"https:\/\/luadecoracion.es\/wp-content\/uploads\/2025\/01\/financiadoue-1024x249.png\" class=\"attachment-large size-large wp-image-12257\" alt=\"pol\u00edtica de privacidad financiado por la uni\u00f3n europea\" srcset=\"https:\/\/luadecoracion.es\/wp-content\/uploads\/2025\/01\/financiadoue-1024x249.png 1024w, https:\/\/luadecoracion.es\/wp-content\/uploads\/2025\/01\/financiadoue-300x73.png 300w, https:\/\/luadecoracion.es\/wp-content\/uploads\/2025\/01\/financiadoue-768x187.png 768w, https:\/\/luadecoracion.es\/wp-content\/uploads\/2025\/01\/financiadoue-1536x374.png 1536w, https:\/\/luadecoracion.es\/wp-content\/uploads\/2025\/01\/financiadoue-2048x498.png 2048w, https:\/\/luadecoracion.es\/wp-content\/uploads\/2025\/01\/financiadoue-18x4.png 18w\" sizes=\"(max-width: 1024px) 100vw, 1024px\" \/>\t\t\t\t\t\t\t\t\t\t\t\t\t\t\t<\/div>\n\t\t\t\t<\/div>\n\t\t\t\t<div class=\"elementor-element elementor-element-a0805d4 elementor-widget elementor-widget-image\" data-id=\"a0805d4\" data-element_type=\"widget\" data-widget_type=\"image.default\">\n\t\t\t\t<div class=\"elementor-widget-container\">\n\t\t\t\t\t\t\t\t\t\t\t\t\t\t\t<img decoding=\"async\" width=\"1024\" height=\"576\" src=\"https:\/\/luadecoracion.es\/wp-content\/uploads\/2025\/01\/plan_recuperacion-1024x576.png\" class=\"attachment-large size-large wp-image-12259\" alt=\"\" srcset=\"https:\/\/luadecoracion.es\/wp-content\/uploads\/2025\/01\/plan_recuperacion-1024x576.png 1024w, https:\/\/luadecoracion.es\/wp-content\/uploads\/2025\/01\/plan_recuperacion-300x169.png 300w, https:\/\/luadecoracion.es\/wp-content\/uploads\/2025\/01\/plan_recuperacion-768x432.png 768w, https:\/\/luadecoracion.es\/wp-content\/uploads\/2025\/01\/plan_recuperacion-1536x864.png 1536w, https:\/\/luadecoracion.es\/wp-content\/uploads\/2025\/01\/plan_recuperacion-18x10.png 18w, https:\/\/luadecoracion.es\/wp-content\/uploads\/2025\/01\/plan_recuperacion.png 1920w\" sizes=\"(max-width: 1024px) 100vw, 1024px\" \/>\t\t\t\t\t\t\t\t\t\t\t\t\t\t\t<\/div>\n\t\t\t\t<\/div>\n\t\t\t\t\t<\/div>\n\t\t\t\t<\/div>\n\t\t\t\t<\/div>","protected":false},"excerpt":{"rendered":"<p>Direcci\u00f3n Varela Silvari, 37, Bajo, A Coru\u00f1a Correo electr\u00f3nico luadecoracion@gmail.com Tel\u00e9fono contacto (+34) 981 22 53 89 S\u00edguenos en nuestras redes sociales, tenemos novedades que ofrecerte Consulte el cat\u00e1logo de productos con el que trabajamos, para ello puede visitar la P\u00e1gina de inicio Ir a Facebook Cont\u00e1ctanos o solicita presupuesto Enviar mensaje &#916; Estamos en [&hellip;]<\/p>","protected":false},"author":1,"featured_media":0,"parent":0,"menu_order":0,"comment_status":"closed","ping_status":"closed","template":"template-home.php","meta":{"footnotes":""},"class_list":["post-415","page","type-page","status-publish","hentry"],"yoast_head":"<!-- This site is optimized with the Yoast SEO plugin v24.3 - https:\/\/yoast.com\/wordpress\/plugins\/seo\/ -->\n<title>Contacto - L\u00faa decoraci\u00f3n<\/title>\n<meta name=\"description\" content=\"Completa nuestro formulario de contacto y con\u00e9ctate con nosotros f\u00e1cilmente. Resolvemos tus dudas y atendemos tus solicitudes\" \/>\n<meta name=\"robots\" content=\"index, follow, max-snippet:-1, max-image-preview:large, max-video-preview:-1\" \/>\n<link rel=\"canonical\" href=\"https:\/\/luadecoracion.es\/gl\/contacto\/\" \/>\n<meta property=\"og:locale\" content=\"gl_ES\" \/>\n<meta property=\"og:type\" content=\"article\" \/>\n<meta property=\"og:title\" content=\"Contacto - L\u00faa decoraci\u00f3n\" \/>\n<meta property=\"og:description\" content=\"Completa nuestro formulario de contacto y con\u00e9ctate con nosotros f\u00e1cilmente. Resolvemos tus dudas y atendemos tus solicitudes\" \/>\n<meta property=\"og:url\" content=\"https:\/\/luadecoracion.es\/gl\/contacto\/\" \/>\n<meta property=\"og:site_name\" content=\"L\u00faa decoraci\u00f3n\" \/>\n<meta property=\"article:publisher\" content=\"https:\/\/www.facebook.com\/profile.php?id=100063747350842&amp;locale=es_ES\" \/>\n<meta property=\"article:modified_time\" content=\"2025-01-18T15:46:55+00:00\" \/>\n<meta property=\"og:image\" content=\"https:\/\/luadecoracion.es\/wp-content\/uploads\/2024\/11\/lua_portada.jpg\" \/>\n\t<meta property=\"og:image:width\" content=\"1024\" \/>\n\t<meta property=\"og:image:height\" content=\"762\" \/>\n\t<meta property=\"og:image:type\" content=\"image\/jpeg\" \/>\n<meta name=\"twitter:card\" content=\"summary_large_image\" \/>\n<meta name=\"twitter:label1\" content=\"Tempo de lectura\" \/>\n\t<meta name=\"twitter:data1\" content=\"1 minuto\" \/>\n<script type=\"application\/ld+json\" class=\"yoast-schema-graph\">{\"@context\":\"https:\/\/schema.org\",\"@graph\":[{\"@type\":\"WebPage\",\"@id\":\"https:\/\/luadecoracion.es\/contacto\/\",\"url\":\"https:\/\/luadecoracion.es\/contacto\/\",\"name\":\"Contacto - L\u00faa decoraci\u00f3n\",\"isPartOf\":{\"@id\":\"https:\/\/luadecoracion.es\/#website\"},\"primaryImageOfPage\":{\"@id\":\"https:\/\/luadecoracion.es\/contacto\/#primaryimage\"},\"image\":{\"@id\":\"https:\/\/luadecoracion.es\/contacto\/#primaryimage\"},\"thumbnailUrl\":\"https:\/\/luadecoracion.es\/wp-content\/uploads\/2024\/11\/lua_portada.jpg\",\"datePublished\":\"2020-06-10T18:03:45+00:00\",\"dateModified\":\"2025-01-18T15:46:55+00:00\",\"description\":\"Completa nuestro formulario de contacto y con\u00e9ctate con nosotros f\u00e1cilmente. Resolvemos tus dudas y atendemos tus solicitudes\",\"breadcrumb\":{\"@id\":\"https:\/\/luadecoracion.es\/contacto\/#breadcrumb\"},\"inLanguage\":\"gl-ES\",\"potentialAction\":[{\"@type\":\"ReadAction\",\"target\":[\"https:\/\/luadecoracion.es\/contacto\/\"]}]},{\"@type\":\"ImageObject\",\"inLanguage\":\"gl-ES\",\"@id\":\"https:\/\/luadecoracion.es\/contacto\/#primaryimage\",\"url\":\"https:\/\/luadecoracion.es\/wp-content\/uploads\/2024\/11\/lua_portada.jpg\",\"contentUrl\":\"https:\/\/luadecoracion.es\/wp-content\/uploads\/2024\/11\/lua_portada.jpg\"},{\"@type\":\"BreadcrumbList\",\"@id\":\"https:\/\/luadecoracion.es\/contacto\/#breadcrumb\",\"itemListElement\":[{\"@type\":\"ListItem\",\"position\":1,\"name\":\"Portada\",\"item\":\"https:\/\/luadecoracion.es\/\"},{\"@type\":\"ListItem\",\"position\":2,\"name\":\"Contacto\"}]},{\"@type\":\"WebSite\",\"@id\":\"https:\/\/luadecoracion.es\/#website\",\"url\":\"https:\/\/luadecoracion.es\/\",\"name\":\"L\u00faa decoraci\u00f3n\",\"description\":\"Productos de calidad para dar estilo y confort a tu hogar.\",\"publisher\":{\"@id\":\"https:\/\/luadecoracion.es\/#organization\"},\"potentialAction\":[{\"@type\":\"SearchAction\",\"target\":{\"@type\":\"EntryPoint\",\"urlTemplate\":\"https:\/\/luadecoracion.es\/?s={search_term_string}\"},\"query-input\":{\"@type\":\"PropertyValueSpecification\",\"valueRequired\":true,\"valueName\":\"search_term_string\"}}],\"inLanguage\":\"gl-ES\"},{\"@type\":\"Organization\",\"@id\":\"https:\/\/luadecoracion.es\/#organization\",\"name\":\"L\u00faa decoraci\u00f3n\",\"url\":\"https:\/\/luadecoracion.es\/\",\"logo\":{\"@type\":\"ImageObject\",\"inLanguage\":\"gl-ES\",\"@id\":\"https:\/\/luadecoracion.es\/#\/schema\/logo\/image\/\",\"url\":\"http:\/\/luadecoracion.es\/wp-content\/uploads\/2024\/11\/lua_logo.png\",\"contentUrl\":\"http:\/\/luadecoracion.es\/wp-content\/uploads\/2024\/11\/lua_logo.png\",\"width\":1000,\"height\":1000,\"caption\":\"L\u00faa decoraci\u00f3n\"},\"image\":{\"@id\":\"https:\/\/luadecoracion.es\/#\/schema\/logo\/image\/\"},\"sameAs\":[\"https:\/\/www.facebook.com\/profile.php?id=100063747350842&locale=es_ES\"]}]}<\/script>\n<!-- \/ Yoast SEO plugin. -->","yoast_head_json":{"title":"Contacto - L\u00faa decoraci\u00f3n","description":"Completa nuestro formulario de contacto y con\u00e9ctate con nosotros f\u00e1cilmente. Resolvemos tus dudas y atendemos tus solicitudes","robots":{"index":"index","follow":"follow","max-snippet":"max-snippet:-1","max-image-preview":"max-image-preview:large","max-video-preview":"max-video-preview:-1"},"canonical":"https:\/\/luadecoracion.es\/gl\/contacto\/","og_locale":"gl_ES","og_type":"article","og_title":"Contacto - L\u00faa decoraci\u00f3n","og_description":"Completa nuestro formulario de contacto y con\u00e9ctate con nosotros f\u00e1cilmente. Resolvemos tus dudas y atendemos tus solicitudes","og_url":"https:\/\/luadecoracion.es\/gl\/contacto\/","og_site_name":"L\u00faa decoraci\u00f3n","article_publisher":"https:\/\/www.facebook.com\/profile.php?id=100063747350842&locale=es_ES","article_modified_time":"2025-01-18T15:46:55+00:00","og_image":[{"width":1024,"height":762,"url":"https:\/\/luadecoracion.es\/wp-content\/uploads\/2024\/11\/lua_portada.jpg","type":"image\/jpeg"}],"twitter_card":"summary_large_image","twitter_misc":{"Tempo de lectura":"1 minuto"},"schema":{"@context":"https:\/\/schema.org","@graph":[{"@type":"WebPage","@id":"https:\/\/luadecoracion.es\/contacto\/","url":"https:\/\/luadecoracion.es\/contacto\/","name":"Contacto - L\u00faa decoraci\u00f3n","isPartOf":{"@id":"https:\/\/luadecoracion.es\/#website"},"primaryImageOfPage":{"@id":"https:\/\/luadecoracion.es\/contacto\/#primaryimage"},"image":{"@id":"https:\/\/luadecoracion.es\/contacto\/#primaryimage"},"thumbnailUrl":"https:\/\/luadecoracion.es\/wp-content\/uploads\/2024\/11\/lua_portada.jpg","datePublished":"2020-06-10T18:03:45+00:00","dateModified":"2025-01-18T15:46:55+00:00","description":"Completa nuestro formulario de contacto y con\u00e9ctate con nosotros f\u00e1cilmente. Resolvemos tus dudas y atendemos tus solicitudes","breadcrumb":{"@id":"https:\/\/luadecoracion.es\/contacto\/#breadcrumb"},"inLanguage":"gl-ES","potentialAction":[{"@type":"ReadAction","target":["https:\/\/luadecoracion.es\/contacto\/"]}]},{"@type":"ImageObject","inLanguage":"gl-ES","@id":"https:\/\/luadecoracion.es\/contacto\/#primaryimage","url":"https:\/\/luadecoracion.es\/wp-content\/uploads\/2024\/11\/lua_portada.jpg","contentUrl":"https:\/\/luadecoracion.es\/wp-content\/uploads\/2024\/11\/lua_portada.jpg"},{"@type":"BreadcrumbList","@id":"https:\/\/luadecoracion.es\/contacto\/#breadcrumb","itemListElement":[{"@type":"ListItem","position":1,"name":"Portada","item":"https:\/\/luadecoracion.es\/"},{"@type":"ListItem","position":2,"name":"Contacto"}]},{"@type":"WebSite","@id":"https:\/\/luadecoracion.es\/#website","url":"https:\/\/luadecoracion.es\/","name":"L\u00faa decoraci\u00f3n","description":"Productos de calidad para dar estilo y confort a tu hogar.","publisher":{"@id":"https:\/\/luadecoracion.es\/#organization"},"potentialAction":[{"@type":"SearchAction","target":{"@type":"EntryPoint","urlTemplate":"https:\/\/luadecoracion.es\/?s={search_term_string}"},"query-input":{"@type":"PropertyValueSpecification","valueRequired":true,"valueName":"search_term_string"}}],"inLanguage":"gl-ES"},{"@type":"Organization","@id":"https:\/\/luadecoracion.es\/#organization","name":"L\u00faa decoraci\u00f3n","url":"https:\/\/luadecoracion.es\/","logo":{"@type":"ImageObject","inLanguage":"gl-ES","@id":"https:\/\/luadecoracion.es\/#\/schema\/logo\/image\/","url":"http:\/\/luadecoracion.es\/wp-content\/uploads\/2024\/11\/lua_logo.png","contentUrl":"http:\/\/luadecoracion.es\/wp-content\/uploads\/2024\/11\/lua_logo.png","width":1000,"height":1000,"caption":"L\u00faa decoraci\u00f3n"},"image":{"@id":"https:\/\/luadecoracion.es\/#\/schema\/logo\/image\/"},"sameAs":["https:\/\/www.facebook.com\/profile.php?id=100063747350842&locale=es_ES"]}]}},"_links":{"self":[{"href":"https:\/\/luadecoracion.es\/gl\/wp-json\/wp\/v2\/pages\/415","targetHints":{"allow":["GET"]}}],"collection":[{"href":"https:\/\/luadecoracion.es\/gl\/wp-json\/wp\/v2\/pages"}],"about":[{"href":"https:\/\/luadecoracion.es\/gl\/wp-json\/wp\/v2\/types\/page"}],"author":[{"embeddable":true,"href":"https:\/\/luadecoracion.es\/gl\/wp-json\/wp\/v2\/users\/1"}],"replies":[{"embeddable":true,"href":"https:\/\/luadecoracion.es\/gl\/wp-json\/wp\/v2\/comments?post=415"}],"version-history":[{"count":310,"href":"https:\/\/luadecoracion.es\/gl\/wp-json\/wp\/v2\/pages\/415\/revisions"}],"predecessor-version":[{"id":12560,"href":"https:\/\/luadecoracion.es\/gl\/wp-json\/wp\/v2\/pages\/415\/revisions\/12560"}],"wp:attachment":[{"href":"https:\/\/luadecoracion.es\/gl\/wp-json\/wp\/v2\/media?parent=415"}],"curies":[{"name":"wp","href":"https:\/\/api.w.org\/{rel}","templated":true}]}}